{"id":373,"date":"2025-10-17T10:23:42","date_gmt":"2025-10-17T17:23:42","guid":{"rendered":"https:\/\/bigskydeals.com\/pl\/?page_id=373"},"modified":"2025-10-17T10:23:42","modified_gmt":"2025-10-17T17:23:42","slug":"plusik","status":"publish","type":"page","link":"https:\/\/bigskydeals.com\/pl\/plusik\/","title":{"rendered":"PLUSik"},"content":{"rendered":"<p>PLUSik to pierwszy i jedyny na rynku miesi\u0119cznik dla polonijnych dzieci w USA, przeznaczony dla czytelnik\u00f3w w wieku 5-10 lat. Magazyn zawiera 52 strony pe\u0142ne kolorowych ilustracji, fascynuj\u0105cych opowie\u015bci, wci\u0105gaj\u0105cych \u0142amig\u0142\u00f3wek oraz kreatywnych zada\u0144, kt\u00f3re nie tylko bawi\u0105, ale r\u00f3wnie\u017c ucz\u0105.<\/p><figure class=\"wp-block-gallery has-nested-images columns-default is-cropped wp-block-gallery-1 is-layout-flex wp-block-gallery-is-layout-flex\">\n\n<figure class=\"wp-block-image size-large\"><img loading=\"lazy\" decoding=\"async\" width=\"740\" height=\"740\" data-id=\"376\" src=\"https:\/\/bigskydeals.com\/pl\/wp-content\/uploads\/2025\/10\/Reklama-PLUSIK-740x740-1.jpg\" alt=\"\" class=\"wp-image-376\" srcset=\"https:\/\/bigskydeals.com\/pl\/wp-content\/uploads\/2025\/10\/Reklama-PLUSIK-740x740-1.jpg 740w, https:\/\/bigskydeals.com\/pl\/wp-content\/uploads\/2025\/10\/Reklama-PLUSIK-740x740-1-300x300.jpg 300w, https:\/\/bigskydeals.com\/pl\/wp-content\/uploads\/2025\/10\/Reklama-PLUSIK-740x740-1-150x150.jpg 150w, https:\/\/bigskydeals.com\/pl\/wp-content\/uploads\/2025\/10\/Reklama-PLUSIK-740x740-1-600x600.jpg 600w, https:\/\/bigskydeals.com\/pl\/wp-content\/uploads\/2025\/10\/Reklama-PLUSIK-740x740-1-100x100.jpg 100w\" sizes=\"auto, (max-width: 740px) 100vw, 740px\" \/><\/figure>\n\n<figure class=\"wp-block-image size-large\"><img loading=\"lazy\" decoding=\"async\" width=\"674\" height=\"1024\" data-id=\"375\" src=\"https:\/\/bigskydeals.com\/pl\/wp-content\/uploads\/2025\/10\/Ulotka-mala-A-674x1024.jpeg\" alt=\"\" class=\"wp-image-375\" srcset=\"https:\/\/bigskydeals.com\/pl\/wp-content\/uploads\/2025\/10\/Ulotka-mala-A-674x1024.jpeg 674w, https:\/\/bigskydeals.com\/pl\/wp-content\/uploads\/2025\/10\/Ulotka-mala-A-198x300.jpeg 198w, https:\/\/bigskydeals.com\/pl\/wp-content\/uploads\/2025\/10\/Ulotka-mala-A-768x1166.jpeg 768w, https:\/\/bigskydeals.com\/pl\/wp-content\/uploads\/2025\/10\/Ulotka-mala-A-600x911.jpeg 600w, https:\/\/bigskydeals.com\/pl\/wp-content\/uploads\/2025\/10\/Ulotka-mala-A.jpeg 843w\" sizes=\"auto, (max-width: 674px) 100vw, 674px\" \/><\/figure>\n\n<figure class=\"wp-block-image size-large\"><img loading=\"lazy\" decoding=\"async\" width=\"672\" height=\"1024\" data-id=\"374\" src=\"https:\/\/bigskydeals.com\/pl\/wp-content\/uploads\/2025\/10\/Ulotka-mala-B-672x1024.jpeg\" alt=\"\" class=\"wp-image-374\" srcset=\"https:\/\/bigskydeals.com\/pl\/wp-content\/uploads\/2025\/10\/Ulotka-mala-B-672x1024.jpeg 672w, https:\/\/bigskydeals.com\/pl\/wp-content\/uploads\/2025\/10\/Ulotka-mala-B-197x300.jpeg 197w, https:\/\/bigskydeals.com\/pl\/wp-content\/uploads\/2025\/10\/Ulotka-mala-B-768x1170.jpeg 768w, https:\/\/bigskydeals.com\/pl\/wp-content\/uploads\/2025\/10\/Ulotka-mala-B-600x914.jpeg 600w, https:\/\/bigskydeals.com\/pl\/wp-content\/uploads\/2025\/10\/Ulotka-mala-B.jpeg 840w\" sizes=\"auto, (max-width: 672px) 100vw, 672px\" \/><\/figure><\/figure><h4 class=\"wp-block-heading\"><strong>Dlaczego warto wybra\u0107 PLUSik?<\/strong><\/h4><p><strong>Edukacja bez ekran\u00f3w:<\/strong> PLUSik to doskona\u0142a alternatywa dla elektroniki. Zach\u0119ca dzieci do czytania, rysowania i rozwi\u0105zywania zagadek, co rozwija ich wyobra\u017ani\u0119 i umiej\u0119tno\u015bci.<\/p><p><strong>Bogata zawarto\u015b\u0107:<\/strong> W ka\u017cdym numerze znajdziesz bajki, wiersze, polskie legendy, krzy\u017c\u00f3wki, labirynty, gry planszowe i wiele wi\u0119cej. PLUSik to prawdziwa skarbnica wiedzy i zabawy!<\/p><p><strong>Patriotyzm i tradycja:<\/strong> Przybli\u017ca dzieciom polsk\u0105 kultur\u0119, histori\u0119 i tradycje, buduj\u0105c w nich dum\u0119 z ich dziedzictwa i mi\u0142o\u015b\u0107 do kraju swoich przodk\u00f3w.<\/p><p><strong>Dostawa do domu:<\/strong> Prenumerata PLUSika to wygoda i komfort. Magazyn dostarczany jest prosto do Twojego domu, aby Twoje dziecko mog\u0142o cieszy\u0107 si\u0119 nowymi przygodami ka\u017cdego miesi\u0105ca.<\/p><h4 class=\"wp-block-heading\"><strong>Jak zam\u00f3wi\u0107?<\/strong><\/h4><p>Prenumerat\u0119 PLUSika mo\u017cesz zam\u00f3wi\u0107 na naszej stronie <a href=\"https:\/\/l.facebook.com\/l.php?u=http%253A%252F%252Fwww.plusik.us%252F%253Ffbclid%253DIwZXh0bgNhZW0CMTAAAR0B2f55g1-qg2ir3l26FjQ0oVp5BzzNFdmvdSf9Jum5GOybA8-44tZXtOQ_aem_jkQqAK_KbBKP1VMAot8rrg&amp;h=AT09XLzj0PURYb3ShPAnwNVKqJLuTFxsOad0ZcP8y5vaLjTZ6ZXjey-mx5qwHCA1MsNre8mqDcld0OFHoZ6Zkayya7RZqvNS-o5aZvJM6qyUuOEbntic6puK-PK3MQTO0PHG50qKeA&amp;__tn__=-UK-R&amp;c%5B0%5D=AT0mQjyYB8ijFp-ag35vKaTqizlYfZ-11eKtgJK5A_zD38hIV1GpjOXL6LxuihG9Vb6_ocDMGxzkTNmdRCFfMJxsoOUOdHTJs7tL0hUhyvG-qiLWaJ2s-JLneltFxbmnSy54mdFqvPrq1GUc26j0y97csPrIgeCM4YMR06ICdvhEoKmSE8zKAZcnUo6gCsZdlhgD31Q-BFK4G41KZ7TxOgiXOVmeuZl1PzgxL2D3GQ\" target=\"_blank\" rel=\"noreferrer noopener\">www.plusik.us<\/a>, gdzie mo\u017cna obejrze\u0107 wydanie pr\u00f3bne. Wybierz najlepsz\u0105 opcj\u0119 dla siebie i zapewnij swojemu dziecku sta\u0142y dost\u0119p do warto\u015bciowej i rozwijaj\u0105cej lektury.<\/p><div class=\"wp-block-group has-global-padding is-layout-constrained wp-block-group-is-layout-constrained\"><div class=\"wp-block-group has-global-padding is-layout-constrained wp-block-group-is-layout-constrained\"><p><strong>Do ko\u0144ca roku 2025 \u2013 z kodem rabatowym FACEBOOK \u2013 prenumerata PLUSika ta\u0144sza o 20%!<\/strong><\/p>\n\n<p><strong>Wydania archiwalne (IX&#8217;24 \u2013 VIII&#8217;25) dost\u0119pne do 24 listopada z 40% rabatem przy u\u017cyciu kodu FALL2025.<\/strong><strong>&nbsp;<\/strong><\/p><\/div><\/div><p>Dla kochaj\u0105cych czytanie, zagadki i dobr\u0105 zabaw\u0119 \u2013 WIERSZYKOWO, CZYTANKI<\/p><p>Dla ciekawych \u015bwiata odkrywc\u00f3w przyrody \u2013 DOBRZE WIEDZIE\u0106<\/p><p>Dla lubi\u0105cych alfabet i umys\u0142owe wygibasy \u2013 POZNAJ\u0118 J\u0118ZYK POLSKI<\/p><p>Dla artyst\u00f3w i artystek pragn\u0105cych tworzy\u0107 dzie\u0142a sztuki \u2013 MALOWANKI\/KOLOROWANKI<\/p><p>Dla tych, kt\u00f3rym nie umknie \u017caden szczeg\u00f3\u0142 \u2013 \u0106WICZENIA Z WIDZENIA<\/p><p>Dla strateg\u00f3w, kt\u00f3rzy lubi\u0105 podejmowa\u0107 wyzwania \u2013 \u0106WICZENIA Z MY\u015aLENIA<\/p><p>Jedno wydanie: $12.99<br>P\u00f3\u0142roczna prenumerata: $10.99\/miesi\u0105c<br>Roczna prenumerata: $9.99\/miesi\u0105c<br><br>Darmowa przesy\u0142ka przy prenumeracie.<\/p><p>Wejd\u017a na nasz\u0105 stron\u0119:&nbsp;<a href=\"http:\/\/www.plusik.us\/?fbclid=IwZXh0bgNhZW0CMTAAAR1MaA3i-EHr4brVztVUmT8Y9xiRojioa5PU0veEkdg2Bj0xciFMvCaqmnM_aem_tf7q8ax-G0CNHCztcODruw\" target=\"_blank\" rel=\"noreferrer noopener\">www.plusik.us<\/a><\/p><p>PLUSik \u2013 rado\u015b\u0107 nauki i zabawy na 52 stronach!<\/p><p><strong>Jeden prezent \u2013 rado\u015b\u0107 przez ca\u0142y rok!\u00a0<\/strong><\/p>","protected":false},"excerpt":{"rendered":"<p>PLUSik to pierwszy i jedyny na rynku miesi\u0119cznik dla polonijnych dzieci w USA, przeznaczony dla czytelnik\u00f3w w wieku 5-10 lat. Magazyn zawiera 52 strony pe\u0142ne kolorowych ilustracji, fascynuj\u0105cych opowie\u015bci, wci\u0105gaj\u0105cych \u0142amig\u0142\u00f3wek oraz kreatywnych zada\u0144, kt\u00f3re nie tylko bawi\u0105, ale r\u00f3wnie\u017c ucz\u0105. Dlaczego warto wybra\u0107 PLUSik? Edukacja bez ekran\u00f3w: PLUSik to doskona\u0142a alternatywa dla elektroniki. Zach\u0119ca [&hellip;]<\/p>\n","protected":false},"author":1,"featured_media":0,"parent":0,"menu_order":0,"comment_status":"closed","ping_status":"closed","template":"","meta":{"footnotes":""},"class_list":["post-373","page","type-page","status-publish","hentry"],"aioseo_notices":[],"_links":{"self":[{"href":"https:\/\/bigskydeals.com\/pl\/wp-json\/wp\/v2\/pages\/373","targetHints":{"allow":["GET"]}}],"collection":[{"href":"https:\/\/bigskydeals.com\/pl\/wp-json\/wp\/v2\/pages"}],"about":[{"href":"https:\/\/bigskydeals.com\/pl\/wp-json\/wp\/v2\/types\/page"}],"author":[{"embeddable":true,"href":"https:\/\/bigskydeals.com\/pl\/wp-json\/wp\/v2\/users\/1"}],"replies":[{"embeddable":true,"href":"https:\/\/bigskydeals.com\/pl\/wp-json\/wp\/v2\/comments?post=373"}],"version-history":[{"count":1,"href":"https:\/\/bigskydeals.com\/pl\/wp-json\/wp\/v2\/pages\/373\/revisions"}],"predecessor-version":[{"id":377,"href":"https:\/\/bigskydeals.com\/pl\/wp-json\/wp\/v2\/pages\/373\/revisions\/377"}],"wp:attachment":[{"href":"https:\/\/bigskydeals.com\/pl\/wp-json\/wp\/v2\/media?parent=373"}],"curies":[{"name":"wp","href":"https:\/\/api.w.org\/{rel}","templated":true}]}}