{"id":366,"date":"2025-10-17T10:00:41","date_gmt":"2025-10-17T17:00:41","guid":{"rendered":"https:\/\/bigskydeals.com\/pl\/?page_id=366"},"modified":"2025-10-17T10:16:00","modified_gmt":"2025-10-17T17:16:00","slug":"mes-way","status":"publish","type":"page","link":"https:\/\/bigskydeals.com\/pl\/mes-way\/","title":{"rendered":"Me\u2019s Way"},"content":{"rendered":"<figure class=\"wp-block-image alignleft size-full\"><img loading=\"lazy\" decoding=\"async\" width=\"225\" height=\"225\" src=\"https:\/\/bigskydeals.com\/pl\/wp-content\/uploads\/2025\/10\/Bez-nazwy-1.png\" alt=\"\" class=\"wp-image-361\" srcset=\"https:\/\/bigskydeals.com\/pl\/wp-content\/uploads\/2025\/10\/Bez-nazwy-1.png 225w, https:\/\/bigskydeals.com\/pl\/wp-content\/uploads\/2025\/10\/Bez-nazwy-1-150x150.png 150w, https:\/\/bigskydeals.com\/pl\/wp-content\/uploads\/2025\/10\/Bez-nazwy-1-100x100.png 100w\" sizes=\"auto, (max-width: 225px) 100vw, 225px\" \/><\/figure><p><strong>Autentyczny smak Wietnamu, z pasj\u0105 tworzone w USA<\/strong><\/p><p><strong>Me\u2019s Way<\/strong> to rodzinna firma, kt\u00f3ra przenios\u0142a do Ameryki prawdziwe tradycje kuchni wietnamskiej. Ich s\u0142ynny sos chili \u2013 powstaj\u0105cy w ma\u0142ych partiach, wed\u0142ug oryginalnej receptury z miasta Hu\u1ebf \u2013 \u0142\u0105czy g\u0142\u0119bi\u0119 smaku, naturalne sk\u0142adniki i r\u0119czne wykonanie.<br>Ka\u017cdy s\u0142oiczek to rezultat pasji, rzemie\u015blniczej jako\u015bci i wieloletniej pracy nad doskona\u0142\u0105 r\u00f3wnowag\u0105 mi\u0119dzy ostro\u015bci\u0105 a aromatem.<\/p><p>Wsp\u00f3\u0142pracuj\u0105c z <strong>Me\u2019s Way<\/strong>, wspieramy ide\u0119 autentycznego <em>Made in USA<\/em> \u2013 produkty tworzone z sercem, w duchu lokalnej przedsi\u0119biorczo\u015bci i najwy\u017cszej jako\u015bci.<\/p><p>Wsp\u00f3lnie rozwijamy projekty promuj\u0105ce kultur\u0119 kulinarn\u0105 i kreatywno\u015b\u0107 w kuchni, m.in.:<\/p><ul class=\"wp-block-list\"><li><strong>Cook With Fire<\/strong> \u2013 mi\u0119dzynarodowa ksi\u0105\u017cka kucharska i konkurs fotograficzny<\/li>\n\n<li><strong>Snap &amp; Spice Contest<\/strong> \u2013 edycja fanowska z przepisami i zdj\u0119ciami od spo\u0142eczno\u015bci<\/li>\n\n<li><strong>Ambassador of Flavor Program<\/strong> \u2013 projekt dla tw\u00f3rc\u00f3w i pasjonat\u00f3w kulinari\u00f3w<\/li><\/ul><p>Wi\u0119cej o naszych wsp\u00f3lnych inicjatywach:<\/p><ul class=\"wp-block-list\"><li><a href=\"https:\/\/horpach.com\/products\/cook-with-fire-me-s-way-recipes\" target=\"_blank\" rel=\"noopener\" title=\"\">Ksi\u0105\u017cka kucharska CookWithFireBook (ebook)<\/a><\/li>\n\n<li><a href=\"https:\/\/bigskydeals.com\/cookwithfire\/\" target=\"_blank\" rel=\"noopener\" title=\"\">Snap&amp;Spice Contest<\/a><\/li>\n\n<li><a href=\"https:\/\/meswayllc.com\" title=\"\">MesWayLLC.com<\/a><\/li><\/ul><p><\/p>","protected":false},"excerpt":{"rendered":"<p>Autentyczny smak Wietnamu, z pasj\u0105 tworzone w USA Me\u2019s Way to rodzinna firma, kt\u00f3ra przenios\u0142a do Ameryki prawdziwe tradycje kuchni wietnamskiej. Ich s\u0142ynny sos chili \u2013 powstaj\u0105cy w ma\u0142ych partiach, wed\u0142ug oryginalnej receptury z miasta Hu\u1ebf \u2013 \u0142\u0105czy g\u0142\u0119bi\u0119 smaku, naturalne sk\u0142adniki i r\u0119czne wykonanie.Ka\u017cdy s\u0142oiczek to rezultat pasji, rzemie\u015blniczej jako\u015bci i wieloletniej pracy nad [&hellip;]<\/p>\n","protected":false},"author":1,"featured_media":0,"parent":0,"menu_order":0,"comment_status":"closed","ping_status":"closed","template":"","meta":{"footnotes":""},"class_list":["post-366","page","type-page","status-publish","hentry"],"aioseo_notices":[],"_links":{"self":[{"href":"https:\/\/bigskydeals.com\/pl\/wp-json\/wp\/v2\/pages\/366","targetHints":{"allow":["GET"]}}],"collection":[{"href":"https:\/\/bigskydeals.com\/pl\/wp-json\/wp\/v2\/pages"}],"about":[{"href":"https:\/\/bigskydeals.com\/pl\/wp-json\/wp\/v2\/types\/page"}],"author":[{"embeddable":true,"href":"https:\/\/bigskydeals.com\/pl\/wp-json\/wp\/v2\/users\/1"}],"replies":[{"embeddable":true,"href":"https:\/\/bigskydeals.com\/pl\/wp-json\/wp\/v2\/comments?post=366"}],"version-history":[{"count":4,"href":"https:\/\/bigskydeals.com\/pl\/wp-json\/wp\/v2\/pages\/366\/revisions"}],"predecessor-version":[{"id":372,"href":"https:\/\/bigskydeals.com\/pl\/wp-json\/wp\/v2\/pages\/366\/revisions\/372"}],"wp:attachment":[{"href":"https:\/\/bigskydeals.com\/pl\/wp-json\/wp\/v2\/media?parent=366"}],"curies":[{"name":"wp","href":"https:\/\/api.w.org\/{rel}","templated":true}]}}