{"id":24,"date":"2025-01-02T20:41:00","date_gmt":"2025-01-02T20:41:00","guid":{"rendered":"https:\/\/bigskydeals.com\/pl\/strona-glowna\/"},"modified":"2025-10-19T09:53:02","modified_gmt":"2025-10-19T16:53:02","slug":"strona-glowna","status":"publish","type":"page","link":"https:\/\/bigskydeals.com\/pl\/","title":{"rendered":"Strona g\u0142\u00f3wna"},"content":{"rendered":"<div class=\"wp-block-group alignfull has-background-background-color has-background has-global-padding is-layout-constrained wp-container-core-group-is-layout-e677c032 wp-block-group-is-layout-constrained\" style=\"margin-top:0;margin-bottom:0;padding-top:0px;padding-right:0px;padding-bottom:var(--wp--preset--spacing--60);padding-left:0px\"><div class=\"wp-block-cover alignfull is-light has-custom-content-position is-position-top-center extendify-image-import\" style=\"min-height:654px;aspect-ratio:unset;\"><img loading=\"lazy\" decoding=\"async\" width=\"2400\" height=\"1276\" class=\"wp-block-cover__image-background wp-image-156\" alt=\"\" src=\"https:\/\/bigskydeals.com\/pl\/wp-content\/uploads\/2025\/01\/foto1.jpg\" data-object-fit=\"cover\" srcset=\"https:\/\/bigskydeals.com\/pl\/wp-content\/uploads\/2025\/01\/foto1.jpg 2400w, https:\/\/bigskydeals.com\/pl\/wp-content\/uploads\/2025\/01\/foto1-300x160.jpg 300w, https:\/\/bigskydeals.com\/pl\/wp-content\/uploads\/2025\/01\/foto1-1024x544.jpg 1024w, https:\/\/bigskydeals.com\/pl\/wp-content\/uploads\/2025\/01\/foto1-768x408.jpg 768w, https:\/\/bigskydeals.com\/pl\/wp-content\/uploads\/2025\/01\/foto1-1536x817.jpg 1536w, https:\/\/bigskydeals.com\/pl\/wp-content\/uploads\/2025\/01\/foto1-2048x1089.jpg 2048w, https:\/\/bigskydeals.com\/pl\/wp-content\/uploads\/2025\/01\/foto1-600x319.jpg 600w\" sizes=\"auto, (max-width: 2400px) 100vw, 2400px\" \/><span aria-hidden=\"true\" class=\"wp-block-cover__background has-background-dim-0 has-background-dim\" style=\"background-color:#798ea2\"><\/span><div class=\"wp-block-cover__inner-container has-global-padding is-layout-constrained wp-block-cover-is-layout-constrained\"><div style=\"height:280px\" aria-hidden=\"true\" class=\"wp-block-spacer\"><\/div><\/div><\/div>\n\n<div class=\"wp-block-group alignwide has-global-padding is-content-justification-center is-layout-constrained wp-container-core-group-is-layout-88249be7 wp-block-group-is-layout-constrained\" style=\"padding-right:var(--wp--preset--spacing--30);padding-left:var(--wp--preset--spacing--30)\"><h1 class=\"wp-block-heading has-text-align-center has-x-large-font-size\">Rozwi\u0144 kreatywno\u015b\u0107 z BigSkyDeals.com<\/h1>\n\n<h4 class=\"wp-block-heading has-text-align-center\">Kim jeste\u015bmy?<\/h4>\n\n<p>Nasza dzia\u0142alno\u015b\u0107 opiera si\u0119 na dw\u00f3ch kluczowych filarach: profesjonalnych us\u0142ugach graficznych oraz sprzeda\u017cy internetowej opartej na dropshippingu. <br>W ramach naszych us\u0142ug graficznych oferujemy sk\u0142ad materia\u0142\u00f3w w j\u0119zyku polskim, skierowany do Polonii w Stanach Zjednoczonych. <\/p>\n\n<p class=\"has-text-align-left\" style=\"margin-top:16px\"><\/p>\n\n<p>BigSkyDeals LLC to firma zarejestrowana w Wyoming, USA.<\/p>\n\n<div class=\"wp-block-buttons is-content-justification-center is-layout-flex wp-container-core-buttons-is-layout-6e21085f wp-block-buttons-is-layout-flex\" style=\"margin-top:var(--wp--preset--spacing--40)\"><div class=\"wp-block-button\"><a class=\"wp-block-button__link wp-element-button\" href=\"https:\/\/bigskydeals.com\/pl\/bsdllc\/\">Poznaj szczeg\u00f3\u0142y<\/a><\/div><\/div><\/div><\/div><div class=\"wp-block-group alignfull has-tertiary-background-color has-background has-global-padding is-layout-constrained wp-container-core-group-is-layout-7276a2bb wp-block-group-is-layout-constrained\" id=\"produkty\" style=\"margin-top:0;margin-bottom:0;padding-top:var(--wp--preset--spacing--60);padding-right:var(--wp--preset--spacing--30);padding-bottom:var(--wp--preset--spacing--60);padding-left:var(--wp--preset--spacing--30)\"><div class=\"wp-block-group alignwide is-content-justification-space-between is-layout-flex wp-container-core-group-is-layout-b8ec385b wp-block-group-is-layout-flex\"><div class=\"wp-block-group has-global-padding is-layout-constrained wp-block-group-is-layout-constrained\"><h2 class=\"wp-block-heading has-large-font-size\">&#8220;Made in USA&#8221; \u2013 odkryj wyj\u0105tkowe oferty specjalne<\/h2>\n\n<p style=\"margin-top:16px\">Poznaj nasz sklep z produktami &#8216;Made in USA&#8217; i ofertami specjalnymi, kt\u00f3re wzbogac\u0105 Twoje zakupy.<\/p><\/div>\n\n<div class=\"wp-block-buttons is-layout-flex wp-block-buttons-is-layout-flex\"><div class=\"wp-block-button is-style-outline is-style-outline--1\"><a class=\"wp-block-button__link has-small-font-size has-custom-font-size wp-element-button\" href=\"https:\/\/horpach.com\">Kupuj lepiej<\/a><\/div><\/div><\/div>\n\n<div class=\"wp-block-query alignwide is-layout-flow wp-block-query-is-layout-flow\"><\/div><\/div><div class=\"wp-block-group alignfull has-background-background-color has-background has-global-padding is-layout-constrained wp-container-core-group-is-layout-7276a2bb wp-block-group-is-layout-constrained\" id=\"o-nas\" style=\"margin-top:0;margin-bottom:0;padding-top:var(--wp--preset--spacing--60);padding-right:var(--wp--preset--spacing--30);padding-bottom:var(--wp--preset--spacing--60);padding-left:var(--wp--preset--spacing--30)\"><div class=\"wp-block-columns alignwide are-vertically-aligned-center is-layout-flex wp-container-core-columns-is-layout-47c06fe3 wp-block-columns-is-layout-flex\"><div class=\"wp-block-column is-vertically-aligned-center is-layout-flow wp-block-column-is-layout-flow\" style=\"flex-basis:60%\"><h2 class=\"wp-block-heading has-text-align-left has-large-font-size\">Z Dum\u0105 Wspieramy Ameryka\u0144skich Producent\u00f3w<\/h2>\n\n<p style=\"margin-top:16px\">Nasz\u0105 misj\u0105 jest promowanie najwy\u017cszej jako\u015bci produkt\u00f3w tworzonych wy\u0142\u0105cznie w USA. Wspieraj\u0105c lokalnych producent\u00f3w, nie tylko dostarczamy naszym klientom wyj\u0105tkowe wyroby, ale r\u00f3wnie\u017c przyczyniamy si\u0119 do rozwoju ameryka\u0144skiej gospodarki i wspierania rodzinnych biznes\u00f3w oraz lokalnych spo\u0142eczno\u015bci.<\/p>\n\n<p>Ka\u017cdy produkt w naszym sklepie jest starannie wybierany i pochodzi od producent\u00f3w, kt\u00f3rzy z pasj\u0105 i zaanga\u017cowaniem tworz\u0105 swoje wyroby na terenie Stan\u00f3w Zjednoczonych. To gwarancja jako\u015bci, autentyczno\u015bci i etycznego pochodzenia.<\/p>\n\n<p style=\"margin-top:16px\">Dzi\u0119kujemy, \u017ce wybieraj\u0105c nasze produkty, wspierasz ameryka\u0144skich tw\u00f3rc\u00f3w i razem z nami piel\u0119gnujesz ide\u0119 lokalnej produkcji. Razem budujemy silniejsz\u0105 spo\u0142eczno\u015b\u0107!<\/p>\n\n<div class=\"wp-block-buttons is-layout-flex wp-block-buttons-is-layout-flex\"><div class=\"wp-block-button\"><a class=\"wp-block-button__link wp-element-button\" href=\"https:\/\/bigskydeals.com\/pl\/nasi-producenci\/\">Poznaj Naszych Producent\u00f3w<\/a><\/div><\/div><\/div>\n\n<div class=\"wp-block-column is-vertically-aligned-center is-layout-flow wp-container-core-column-is-layout-f5bb311e wp-block-column-is-layout-flow\" style=\"flex-basis:50%\"><figure class=\"wp-block-image size-full extendify-image-import\"><img loading=\"lazy\" decoding=\"async\" width=\"553\" height=\"737\" src=\"https:\/\/bigskydeals.com\/pl\/wp-content\/uploads\/2025\/01\/worker.jpg\" alt=\"\" class=\"wp-image-309\" style=\"aspect-ratio:4\/3;object-fit:cover\" srcset=\"https:\/\/bigskydeals.com\/pl\/wp-content\/uploads\/2025\/01\/worker.jpg 553w, https:\/\/bigskydeals.com\/pl\/wp-content\/uploads\/2025\/01\/worker-225x300.jpg 225w\" sizes=\"auto, (max-width: 553px) 100vw, 553px\" \/><\/figure><\/div><\/div><\/div><div class=\"wp-block-group alignfull has-tertiary-background-color has-background has-global-padding is-layout-constrained wp-container-core-group-is-layout-28549256 wp-block-group-is-layout-constrained\" id=\"blog\" style=\"margin-top:0;margin-bottom:0;padding-top:var(--wp--preset--spacing--60);padding-right:var(--wp--preset--spacing--30);padding-bottom:var(--wp--preset--spacing--60);padding-left:var(--wp--preset--spacing--30)\"><div class=\"wp-block-group alignwide has-global-padding is-content-justification-left is-layout-constrained wp-container-core-group-is-layout-8b4c372c wp-block-group-is-layout-constrained\"><h2 class=\"wp-block-heading has-large-font-size\">Blog<\/h2>\n\n<p style=\"margin-top:16px\">Zanurz si\u0119 w naszym blogu, odkrywaj\u0105c \u015bwie\u017ce artyku\u0142y, cenne spostrze\u017cenia i zasoby, kt\u00f3re inspiruj\u0105 i informuj\u0105.<\/p><\/div>\n\n<div data-wp-context=\"{}\" data-wp-interactive=\"core\/query\" data-wp-key=\"10\" data-wp-router-region=\"query-10\" class=\"wp-block-query alignwide is-layout-flow wp-block-query-is-layout-flow\"><ul class=\"columns-2 wp-block-post-template is-layout-grid wp-container-core-post-template-is-layout-523d4961 wp-block-post-template-is-layout-grid\"><li data-wp-key=\"post-template-item-251\" class=\"wp-block-post post-251 post type-post status-publish format-standard has-post-thumbnail hentry category-projekty-graficzne\"><div class=\"wp-block-media-text is-stacked-on-mobile is-vertically-aligned-center is-image-fill-element has-background-background-color has-background\"><figure  class=\"wp-block-media-text__media\"><img loading=\"lazy\" decoding=\"async\" width=\"900\" height=\"900\" alt=\"\" src=\"https:\/\/bigskydeals.com\/pl\/wp-content\/uploads\/2025\/01\/kolor1.jpg\" style=\"object-position:50% 50%;\" class=\"wp-image-273 size-full\" srcset=\"https:\/\/bigskydeals.com\/pl\/wp-content\/uploads\/2025\/01\/kolor1.jpg 900w, https:\/\/bigskydeals.com\/pl\/wp-content\/uploads\/2025\/01\/kolor1-300x300.jpg 300w, https:\/\/bigskydeals.com\/pl\/wp-content\/uploads\/2025\/01\/kolor1-150x150.jpg 150w, https:\/\/bigskydeals.com\/pl\/wp-content\/uploads\/2025\/01\/kolor1-768x768.jpg 768w, https:\/\/bigskydeals.com\/pl\/wp-content\/uploads\/2025\/01\/kolor1-600x600.jpg 600w, https:\/\/bigskydeals.com\/pl\/wp-content\/uploads\/2025\/01\/kolor1-100x100.jpg 100w\" sizes=\"auto, (max-width: 900px) 100vw, 900px\" \/><\/figure><div class=\"wp-block-media-text__content\"><div class=\"wp-block-group has-global-padding is-layout-constrained wp-block-group-is-layout-constrained\" style=\"padding-top:var(--wp--preset--spacing--30);padding-bottom:var(--wp--preset--spacing--30)\"><div class=\"taxonomy-category has-link-color wp-elements-2bac158711617329ff66a9b07b2da425 wp-block-post-terms has-small-font-size\"><a href=\"https:\/\/bigskydeals.com\/pl\/category\/projekty-graficzne\/\" rel=\"tag\">Projekty graficzne<\/a><\/div>\n\n<h2 style=\"font-size:clamp(0.875rem, 0.875rem + ((1vw - 0.2rem) * 0.625), 1.25rem); margin-top:6px;margin-bottom:12px;\" class=\"wp-block-post-title\"><a href=\"https:\/\/bigskydeals.com\/pl\/uniwersalne-zasady-dobierania-kolorow-do-materialow-reklamowych\/\" target=\"_self\" >Uniwersalne zasady dobierania kolor\u00f3w do materia\u0142\u00f3w reklamowych<\/a><\/h2>\n\n<div style=\"margin-top:0;margin-bottom:0;\" class=\"wp-block-post-excerpt has-small-font-size\"><p class=\"wp-block-post-excerpt__excerpt\"> <\/p><\/div><\/div><\/div><\/div><\/li><li data-wp-key=\"post-template-item-248\" class=\"wp-block-post post-248 post type-post status-publish format-standard has-post-thumbnail hentry category-projekty-graficzne\"><div class=\"wp-block-media-text is-stacked-on-mobile is-vertically-aligned-center is-image-fill-element has-background-background-color has-background\"><figure  class=\"wp-block-media-text__media\"><img loading=\"lazy\" decoding=\"async\" width=\"900\" height=\"900\" alt=\"\" src=\"https:\/\/bigskydeals.com\/pl\/wp-content\/uploads\/2025\/01\/minimalizm-1.jpg\" style=\"object-position:50% 50%;\" class=\"wp-image-300 size-full\" srcset=\"https:\/\/bigskydeals.com\/pl\/wp-content\/uploads\/2025\/01\/minimalizm-1.jpg 900w, https:\/\/bigskydeals.com\/pl\/wp-content\/uploads\/2025\/01\/minimalizm-1-300x300.jpg 300w, https:\/\/bigskydeals.com\/pl\/wp-content\/uploads\/2025\/01\/minimalizm-1-150x150.jpg 150w, https:\/\/bigskydeals.com\/pl\/wp-content\/uploads\/2025\/01\/minimalizm-1-768x768.jpg 768w, https:\/\/bigskydeals.com\/pl\/wp-content\/uploads\/2025\/01\/minimalizm-1-600x600.jpg 600w, https:\/\/bigskydeals.com\/pl\/wp-content\/uploads\/2025\/01\/minimalizm-1-100x100.jpg 100w\" sizes=\"auto, (max-width: 900px) 100vw, 900px\" \/><\/figure><div class=\"wp-block-media-text__content\"><div class=\"wp-block-group has-global-padding is-layout-constrained wp-block-group-is-layout-constrained\" style=\"padding-top:var(--wp--preset--spacing--30);padding-bottom:var(--wp--preset--spacing--30)\"><div class=\"taxonomy-category has-link-color wp-elements-2bac158711617329ff66a9b07b2da425 wp-block-post-terms has-small-font-size\"><a href=\"https:\/\/bigskydeals.com\/pl\/category\/projekty-graficzne\/\" rel=\"tag\">Projekty graficzne<\/a><\/div>\n\n<h2 style=\"font-size:clamp(0.875rem, 0.875rem + ((1vw - 0.2rem) * 0.625), 1.25rem); margin-top:6px;margin-bottom:12px;\" class=\"wp-block-post-title\"><a href=\"https:\/\/bigskydeals.com\/pl\/minimalizm-czy-kontrasty\/\" target=\"_self\" >Minimalizm czy kontrasty?<\/a><\/h2>\n\n<div style=\"margin-top:0;margin-bottom:0;\" class=\"wp-block-post-excerpt has-small-font-size\"><p class=\"wp-block-post-excerpt__excerpt\">1. Minimalizm i wyrazista typografia 2. Odwa\u017cne, \u017cywe kolory i gradienty 3. Ilustracje i postacie&hellip; <\/p><\/div><\/div><\/div><\/div><\/li><li data-wp-key=\"post-template-item-245\" class=\"wp-block-post post-245 post type-post status-publish format-standard has-post-thumbnail hentry category-projekty-graficzne tag-branding tag-kolory tag-znaczenie-kolorow\"><div class=\"wp-block-media-text is-stacked-on-mobile is-vertically-aligned-center is-image-fill-element has-background-background-color has-background\"><figure  class=\"wp-block-media-text__media\"><img loading=\"lazy\" decoding=\"async\" width=\"900\" height=\"900\" alt=\"\" src=\"https:\/\/bigskydeals.com\/pl\/wp-content\/uploads\/2025\/01\/klory-ktore-sie-sprzedaja.jpg\" style=\"object-position:50% 50%;\" class=\"wp-image-301 size-full\" srcset=\"https:\/\/bigskydeals.com\/pl\/wp-content\/uploads\/2025\/01\/klory-ktore-sie-sprzedaja.jpg 900w, https:\/\/bigskydeals.com\/pl\/wp-content\/uploads\/2025\/01\/klory-ktore-sie-sprzedaja-300x300.jpg 300w, https:\/\/bigskydeals.com\/pl\/wp-content\/uploads\/2025\/01\/klory-ktore-sie-sprzedaja-150x150.jpg 150w, https:\/\/bigskydeals.com\/pl\/wp-content\/uploads\/2025\/01\/klory-ktore-sie-sprzedaja-768x768.jpg 768w, https:\/\/bigskydeals.com\/pl\/wp-content\/uploads\/2025\/01\/klory-ktore-sie-sprzedaja-600x600.jpg 600w, https:\/\/bigskydeals.com\/pl\/wp-content\/uploads\/2025\/01\/klory-ktore-sie-sprzedaja-100x100.jpg 100w\" sizes=\"auto, (max-width: 900px) 100vw, 900px\" \/><\/figure><div class=\"wp-block-media-text__content\"><div class=\"wp-block-group has-global-padding is-layout-constrained wp-block-group-is-layout-constrained\" style=\"padding-top:var(--wp--preset--spacing--30);padding-bottom:var(--wp--preset--spacing--30)\"><div class=\"taxonomy-category has-link-color wp-elements-2bac158711617329ff66a9b07b2da425 wp-block-post-terms has-small-font-size\"><a href=\"https:\/\/bigskydeals.com\/pl\/category\/projekty-graficzne\/\" rel=\"tag\">Projekty graficzne<\/a><\/div>\n\n<h2 style=\"font-size:clamp(0.875rem, 0.875rem + ((1vw - 0.2rem) * 0.625), 1.25rem); margin-top:6px;margin-bottom:12px;\" class=\"wp-block-post-title\"><a href=\"https:\/\/bigskydeals.com\/pl\/kolory-ktore-sprzedaja-jak-dobrac-palete-kolorow-do-swojego-brandingu\/\" target=\"_self\" >Kolory, kt\u00f3re sprzedaj\u0105: Jak dobra\u0107 palet\u0119 kolor\u00f3w do swojego brandingu?<\/a><\/h2>\n\n<div style=\"margin-top:0;margin-bottom:0;\" class=\"wp-block-post-excerpt has-small-font-size\"><p class=\"wp-block-post-excerpt__excerpt\">Znaczenie kolor\u00f3w Kolory odgrywaj\u0105 kluczow\u0105 rol\u0119 w budowaniu identyfikacji wizualnej marki. Ka\u017cda barwa wywo\u0142uje okre\u015blone&hellip; <\/p><\/div><\/div><\/div><\/div><\/li><li data-wp-key=\"post-template-item-325\" class=\"wp-block-post post-325 post type-post status-publish format-standard has-post-thumbnail hentry category-poradnik tag-ebok tag-poradnik\"><div class=\"wp-block-media-text is-stacked-on-mobile is-vertically-aligned-center is-image-fill-element has-background-background-color has-background\"><figure  class=\"wp-block-media-text__media\"><img loading=\"lazy\" decoding=\"async\" width=\"1000\" height=\"750\" alt=\"\" src=\"https:\/\/bigskydeals.com\/pl\/wp-content\/uploads\/2025\/01\/ebook.jpg\" style=\"object-position:50% 50%;\" class=\"wp-image-327 size-full\" srcset=\"https:\/\/bigskydeals.com\/pl\/wp-content\/uploads\/2025\/01\/ebook.jpg 1000w, https:\/\/bigskydeals.com\/pl\/wp-content\/uploads\/2025\/01\/ebook-300x225.jpg 300w, https:\/\/bigskydeals.com\/pl\/wp-content\/uploads\/2025\/01\/ebook-768x576.jpg 768w, https:\/\/bigskydeals.com\/pl\/wp-content\/uploads\/2025\/01\/ebook-600x450.jpg 600w\" sizes=\"auto, (max-width: 1000px) 100vw, 1000px\" \/><\/figure><div class=\"wp-block-media-text__content\"><div class=\"wp-block-group has-global-padding is-layout-constrained wp-block-group-is-layout-constrained\" style=\"padding-top:var(--wp--preset--spacing--30);padding-bottom:var(--wp--preset--spacing--30)\"><div class=\"taxonomy-category has-link-color wp-elements-2bac158711617329ff66a9b07b2da425 wp-block-post-terms has-small-font-size\"><a href=\"https:\/\/bigskydeals.com\/pl\/category\/poradnik\/\" rel=\"tag\">Poradnik<\/a><\/div>\n\n<h2 style=\"font-size:clamp(0.875rem, 0.875rem + ((1vw - 0.2rem) * 0.625), 1.25rem); margin-top:6px;margin-bottom:12px;\" class=\"wp-block-post-title\"><a href=\"https:\/\/bigskydeals.com\/pl\/jak-wydac-ebook-kompleksowy-poradnik\/\" target=\"_self\" >Jak wyda\u0107 eBook \u2013 Kompleksowy poradnik<\/a><\/h2>\n\n<div style=\"margin-top:0;margin-bottom:0;\" class=\"wp-block-post-excerpt has-small-font-size\"><p class=\"wp-block-post-excerpt__excerpt\">Wydanie eBooka to doskona\u0142y spos\u00f3b na podzielenie si\u0119 swoj\u0105 wiedz\u0105, kreatywno\u015bci\u0105 lub pasj\u0105 z szerok\u0105&hellip; <\/p><\/div><\/div><\/div><\/div><\/li><\/ul><\/div>\n\n<div class=\"wp-block-buttons is-content-justification-center is-layout-flex wp-container-core-buttons-is-layout-d8c0be80 wp-block-buttons-is-layout-flex\" style=\"margin-top:var(--wp--preset--spacing--40)\"><div class=\"wp-block-button\"><a class=\"wp-block-button__link wp-element-button\" href=\"https:\/\/bigskydeals.com\/pl\/blog\">Poka\u017c wszystkie.<\/a><\/div><\/div><\/div><div class=\"wp-block-group alignfull has-background-background-color has-background has-global-padding is-layout-constrained wp-container-core-group-is-layout-7276a2bb wp-block-group-is-layout-constrained\" id=\"referencje\" style=\"margin-top:0;margin-bottom:0;padding-top:var(--wp--preset--spacing--60);padding-right:var(--wp--preset--spacing--30);padding-bottom:var(--wp--preset--spacing--60);padding-left:var(--wp--preset--spacing--30)\"><div class=\"wp-block-group alignwide has-global-padding is-content-justification-left is-layout-constrained wp-container-core-group-is-layout-8b4c372c wp-block-group-is-layout-constrained\"><h2 class=\"wp-block-heading has-large-font-size\">Us\u0142ugi DTP dla Polonii<\/h2>\n\n<p style=\"margin-top:16px\">Opinie naszych klient\u00f3w podkre\u015blaj\u0105 ich zadowolenie i do\u015bwiadczenia z us\u0142ug BigSkyDeals.<\/p><\/div>\n\n<div class=\"wp-block-columns alignwide is-layout-flex wp-container-core-columns-is-layout-28f84493 wp-block-columns-is-layout-flex\"><div class=\"wp-block-column has-tertiary-background-color has-background is-layout-flow wp-block-column-is-layout-flow\"><div class=\"wp-block-group has-global-padding is-layout-constrained wp-container-core-group-is-layout-24fca791 wp-block-group-is-layout-constrained\" style=\"padding-top:var(--wp--preset--spacing--30);padding-right:24px;padding-bottom:var(--wp--preset--spacing--30);padding-left:24px\"><p>Wszystko dopracowane w najmniejszych detalach. Kontakt by\u0142 \u015bwietny, a ka\u017cde moje uwagi zosta\u0142y uwzgl\u0119dnione. Polecam ka\u017cdemu, kto szuka niezawodnego partnera w przygotowaniu materia\u0142\u00f3w do druku!<\/p>\n\n<div class=\"wp-block-group is-nowrap is-layout-flex wp-container-core-group-is-layout-3b4e9d3e wp-block-group-is-layout-flex\"><figure class=\"wp-block-image aligncenter is-style-rounded extendify-image-import\"><img decoding=\"async\" src=\"https:\/\/images.unsplash.com\/photo-1525134479668-1bee5c7c6845?fit=crop&amp;crop=entropy%2Cfaces&amp;auto=format%2Ccompress&amp;w=64&amp;h=64\" alt=\"\" style=\"aspect-ratio:1;object-fit:cover\"\/><\/figure>\n\n<div class=\"wp-block-group has-global-padding is-layout-constrained wp-block-group-is-layout-constrained\"><h4 class=\"wp-block-heading has-text-align-left has-small-font-size\">Anna <\/h4>\n\n<p class=\"has-text-align-left has-small-font-size\" style=\"margin-top:2px\"><\/p><\/div><\/div><\/div><\/div>\n\n<div class=\"wp-block-column has-tertiary-background-color has-background is-layout-flow wp-block-column-is-layout-flow\"><div class=\"wp-block-group has-global-padding is-layout-constrained wp-container-core-group-is-layout-24fca791 wp-block-group-is-layout-constrained\" style=\"padding-top:var(--wp--preset--spacing--30);padding-right:24px;padding-bottom:var(--wp--preset--spacing--30);padding-left:24px\"><p>Zleci\u0142em przygotowanie kilku materia\u0142\u00f3w reklamowych do druku i jestem pod ogromnym wra\u017ceniem. <br>Na pewno wr\u00f3c\u0119 z kolejnymi projektami!<\/p>\n\n<div class=\"wp-block-group is-nowrap is-layout-flex wp-container-core-group-is-layout-3b4e9d3e wp-block-group-is-layout-flex\"><figure class=\"wp-block-image aligncenter is-style-rounded extendify-image-import\"><img decoding=\"async\" src=\"https:\/\/images.unsplash.com\/photo-1593757147298-e064ed1419e5?fit=crop&amp;crop=entropy%2Cfaces&amp;auto=format%2Ccompress&amp;w=64&amp;h=64\" alt=\"\" style=\"aspect-ratio:1;object-fit:cover\"\/><\/figure>\n\n<div class=\"wp-block-group has-global-padding is-layout-constrained wp-block-group-is-layout-constrained\"><h4 class=\"wp-block-heading has-text-align-left has-small-font-size\">Jan <\/h4>\n\n<p class=\"has-text-align-left has-small-font-size\" style=\"margin-top:2px\">Specjalista ds. Sprzeda\u017cy<\/p><\/div><\/div><\/div><\/div>\n\n<div class=\"wp-block-column has-tertiary-background-color has-background is-layout-flow wp-block-column-is-layout-flow\"><div class=\"wp-block-group has-global-padding is-layout-constrained wp-container-core-group-is-layout-24fca791 wp-block-group-is-layout-constrained\" style=\"padding-top:var(--wp--preset--spacing--30);padding-right:24px;padding-bottom:var(--wp--preset--spacing--30);padding-left:24px\"><p>Zlecili\u015bmy sk\u0142ad i przygotowanie do druku naszego magazynu firmowego i nie mogli\u015bmy by\u0107 bardziej zadowoleni. Polecam wszystkim.<\/p>\n\n<div class=\"wp-block-group is-nowrap is-layout-flex wp-container-core-group-is-layout-3b4e9d3e wp-block-group-is-layout-flex\"><figure class=\"wp-block-image aligncenter is-style-rounded extendify-image-import\"><img decoding=\"async\" src=\"https:\/\/images.unsplash.com\/photo-1614204424926-196a80bf0be8?fit=crop&amp;crop=entropy%2Cfaces&amp;auto=format%2Ccompress&amp;w=64&amp;h=64\" alt=\"\" style=\"aspect-ratio:1;object-fit:cover\"\/><\/figure>\n\n<div class=\"wp-block-group has-global-padding is-layout-constrained wp-block-group-is-layout-constrained\"><h4 class=\"wp-block-heading has-text-align-left has-small-font-size\">Karolina <\/h4>\n\n<p class=\"has-text-align-left has-small-font-size\" style=\"margin-top:2px\">Mened\u017cer Projektu<\/p><\/div><\/div><\/div><\/div><\/div><\/div><div class=\"wp-block-group alignfull has-tertiary-background-color has-background has-global-padding is-layout-constrained wp-container-core-group-is-layout-fb85e995 wp-block-group-is-layout-constrained\" style=\"margin-top:0;margin-bottom:0;padding-top:var(--wp--preset--spacing--60);padding-right:var(--wp--preset--spacing--30);padding-bottom:var(--wp--preset--spacing--60);padding-left:var(--wp--preset--spacing--30)\"><h2 class=\"wp-block-heading has-text-align-center has-large-font-size\">Odkryj Unikalne Produkty Made in USA<\/h2>\n\n<p class=\"has-text-align-center\" style=\"margin-top:16px\">Do\u0142\u0105cz teraz i ciesz si\u0119 wyj\u0105tkowymi ofertami oraz inspiruj\u0105cymi tre\u015bciami.<\/p>\n\n<div class=\"wp-block-buttons is-content-justification-center is-layout-flex wp-container-core-buttons-is-layout-720bcce9 wp-block-buttons-is-layout-flex\"><div class=\"wp-block-button\"><a class=\"wp-block-button__link wp-element-button\">Kupuj lepiej. Wybierz Made in USA<\/a><\/div><\/div><\/div><p><\/p>","protected":false},"excerpt":{"rendered":"<p>Rozwi\u0144 kreatywno\u015b\u0107 z BigSkyDeals.com Kim jeste\u015bmy? Nasza dzia\u0142alno\u015b\u0107 opiera si\u0119 na dw\u00f3ch kluczowych filarach: profesjonalnych us\u0142ugach graficznych oraz sprzeda\u017cy internetowej opartej na dropshippingu. W ramach naszych us\u0142ug graficznych oferujemy sk\u0142ad materia\u0142\u00f3w w j\u0119zyku polskim, skierowany do Polonii w Stanach Zjednoczonych. BigSkyDeals LLC to firma zarejestrowana w Wyoming, USA. &#8220;Made in USA&#8221; \u2013 odkryj wyj\u0105tkowe oferty [&hellip;]<\/p>\n","protected":false},"author":1,"featured_media":0,"parent":0,"menu_order":0,"comment_status":"closed","ping_status":"closed","template":"no-title","meta":{"footnotes":""},"class_list":["post-24","page","type-page","status-publish","hentry"],"aioseo_notices":[],"_links":{"self":[{"href":"https:\/\/bigskydeals.com\/pl\/wp-json\/wp\/v2\/pages\/24","targetHints":{"allow":["GET"]}}],"collection":[{"href":"https:\/\/bigskydeals.com\/pl\/wp-json\/wp\/v2\/pages"}],"about":[{"href":"https:\/\/bigskydeals.com\/pl\/wp-json\/wp\/v2\/types\/page"}],"author":[{"embeddable":true,"href":"https:\/\/bigskydeals.com\/pl\/wp-json\/wp\/v2\/users\/1"}],"replies":[{"embeddable":true,"href":"https:\/\/bigskydeals.com\/pl\/wp-json\/wp\/v2\/comments?post=24"}],"version-history":[{"count":21,"href":"https:\/\/bigskydeals.com\/pl\/wp-json\/wp\/v2\/pages\/24\/revisions"}],"predecessor-version":[{"id":383,"href":"https:\/\/bigskydeals.com\/pl\/wp-json\/wp\/v2\/pages\/24\/revisions\/383"}],"wp:attachment":[{"href":"https:\/\/bigskydeals.com\/pl\/wp-json\/wp\/v2\/media?parent=24"}],"curies":[{"name":"wp","href":"https:\/\/api.w.org\/{rel}","templated":true}]}}