{"id":21,"date":"2025-01-02T20:40:58","date_gmt":"2025-01-02T20:40:58","guid":{"rendered":"https:\/\/bigskydeals.com\/pl\/faq\/"},"modified":"2025-01-08T03:20:25","modified_gmt":"2025-01-08T10:20:25","slug":"faq","status":"publish","type":"page","link":"https:\/\/bigskydeals.com\/pl\/faq\/","title":{"rendered":"F.A.Q."},"content":{"rendered":"<div class=\"wp-block-group alignfull has-background-background-color has-background has-global-padding is-layout-constrained wp-block-group-is-layout-constrained\" style=\"margin-top:0;margin-bottom:0;padding-top:0;padding-bottom:0\"><div class=\"wp-block-cover alignfull extendify-image-import\" style=\"padding-top:0;padding-right:0;padding-bottom:0;padding-left:0;min-height:50px;aspect-ratio:unset;\"><span aria-hidden=\"true\" class=\"wp-block-cover__background has-foreground-background-color has-background-dim\"><\/span><img loading=\"lazy\" decoding=\"async\" width=\"2400\" height=\"1276\" class=\"wp-block-cover__image-background wp-image-156\" alt=\"\" src=\"https:\/\/bigskydeals.com\/pl\/wp-content\/uploads\/2025\/01\/foto1.jpg\" style=\"object-position:55% 72%\" data-object-fit=\"cover\" data-object-position=\"55% 72%\" srcset=\"https:\/\/bigskydeals.com\/pl\/wp-content\/uploads\/2025\/01\/foto1.jpg 2400w, https:\/\/bigskydeals.com\/pl\/wp-content\/uploads\/2025\/01\/foto1-300x160.jpg 300w, https:\/\/bigskydeals.com\/pl\/wp-content\/uploads\/2025\/01\/foto1-1024x544.jpg 1024w, https:\/\/bigskydeals.com\/pl\/wp-content\/uploads\/2025\/01\/foto1-768x408.jpg 768w, https:\/\/bigskydeals.com\/pl\/wp-content\/uploads\/2025\/01\/foto1-1536x817.jpg 1536w, https:\/\/bigskydeals.com\/pl\/wp-content\/uploads\/2025\/01\/foto1-2048x1089.jpg 2048w, https:\/\/bigskydeals.com\/pl\/wp-content\/uploads\/2025\/01\/foto1-600x319.jpg 600w\" sizes=\"auto, (max-width: 2400px) 100vw, 2400px\" \/><div class=\"wp-block-cover__inner-container is-layout-flow wp-block-cover-is-layout-flow\"><div class=\"wp-block-group has-global-padding is-layout-constrained wp-container-core-group-is-layout-dc79e9a9 wp-block-group-is-layout-constrained\" style=\"padding-top:var(--wp--preset--spacing--60);padding-right:var(--wp--preset--spacing--30);padding-bottom:var(--wp--preset--spacing--60);padding-left:var(--wp--preset--spacing--30)\"><h1 class=\"wp-block-heading has-text-align-center has-text-color has-x-large-font-size\" style=\"color:#fffffffc\">25 lat doskona\u0142o\u015bci i jako\u015bci<\/h1><\/div><\/div><\/div><\/div><div class=\"wp-block-group alignfull has-tertiary-background-color has-background has-global-padding is-layout-constrained wp-container-core-group-is-layout-7276a2bb wp-block-group-is-layout-constrained\" id=\"faq\" style=\"margin-top:0;margin-bottom:0;padding-top:var(--wp--preset--spacing--60);padding-right:var(--wp--preset--spacing--30);padding-bottom:var(--wp--preset--spacing--60);padding-left:var(--wp--preset--spacing--30)\"><div class=\"wp-block-group alignwide has-global-padding is-content-justification-center is-layout-constrained wp-block-group-is-layout-constrained\" style=\"margin-bottom:var(--wp--preset--spacing--30)\"><h2 class=\"wp-block-heading has-text-align-center has-large-font-size\">Innowacyjne Projekty Graficzne dla Firm<\/h2>\n\n<p class=\"has-text-align-center\" style=\"margin-top:16px\">Znajd\u017a odpowiedzi na najcz\u0119stsze pytania, aby szybko uzyska\u0107 potrzebne informacje.<\/p><\/div>\n\n<div class=\"wp-block-group has-global-padding is-layout-constrained wp-block-group-is-layout-constrained\" style=\"border-bottom-color:var(--wp--preset--color--tertiary);border-bottom-width:1px;margin-top:0;padding-top:var(--wp--preset--spacing--30);padding-bottom:var(--wp--preset--spacing--30)\"><h4 class=\"wp-block-heading\">Jak mog\u0119 z\u0142o\u017cy\u0107 zam\u00f3wienie na us\u0142ugi graficzne?<\/h4>\n\n<p>Mo\u017cesz z\u0142o\u017cy\u0107 zam\u00f3wienie, kontaktuj\u0105c si\u0119 z nami przez formularz na stronie lub wysy\u0142aj\u0105c e-mail na nasz adres. Wystarczy opisa\u0107 swoje potrzeby, a nasz zesp\u00f3\u0142 skontaktuje si\u0119 z Tob\u0105, aby ustali\u0107 szczeg\u00f3\u0142y i przygotowa\u0107 wycen\u0119.<\/p>\n\n<h4 class=\"wp-block-heading\"><strong>Jak d\u0142ugo trwa realizacja projektu graficznego?<\/strong><\/h4>\n\n<p>Czas realizacji zale\u017cy od z\u0142o\u017cono\u015bci projektu. Proste zlecenia, takie jak ulotki czy wizyt\u00f3wki, zazwyczaj wykonujemy w ci\u0105gu 2\u20135 dni roboczych. Bardziej skomplikowane projekty, np. katalogi czy magazyny, mog\u0105 zaj\u0105\u0107 od 7 do 14 dni.<\/p>\n\n<h4 class=\"wp-block-heading\"><strong>Czy mog\u0119 zobaczy\u0107 pr\u00f3bk\u0119 projektu przed ostateczn\u0105 realizacj\u0105?<\/strong><\/h4>\n\n<p>Tak, przygotowujemy wst\u0119pn\u0105 wersj\u0119 projektu, kt\u00f3r\u0105 przesy\u0142amy do akceptacji. Mo\u017cesz wprowadza\u0107 poprawki, zanim uko\u0144czymy ostateczn\u0105 wersj\u0119.<\/p>\n\n<h4 class=\"wp-block-heading\"><strong>Jakie formaty plik\u00f3w dostarczacie po zako\u0144czeniu projektu?<\/strong><\/h4>\n\n<p>Gotowe projekty dostarczamy w formatach PDF, JPG, PNG, a na \u017cyczenie klienta tak\u017ce w formacie edytowalnym (np. Adobe InDesign, Photoshop). Mo\u017cemy r\u00f3wnie\u017c dostosowa\u0107 pliki do specyfikacji drukarni.<\/p>\n\n<h4 class=\"wp-block-heading\"><strong>Czy \u015bwiadczycie us\u0142ugi dla klient\u00f3w spoza USA?<\/strong><\/h4>\n\n<p>Tak, obs\u0142ugujemy klient\u00f3w z ca\u0142ego \u015bwiata. Specjalizujemy si\u0119 jednak w projektach graficznych w j\u0119zyku polskim, skierowanych do Polonii w USA.<\/p>\n\n<h4 class=\"wp-block-heading\"><strong>Jak przebiega proces p\u0142atno\u015bci za us\u0142ugi graficzne?<\/strong><\/h4>\n\n<p>Po zaakceptowaniu wyceny prosimy o wp\u0142at\u0119 zaliczki (50% warto\u015bci projektu). Pozosta\u0142a kwota jest p\u0142atna po zako\u0144czeniu prac i akceptacji ostatecznej wersji projektu.<\/p>\n\n<h4 class=\"wp-block-heading\"><strong>Czy mog\u0119 anulowa\u0107 zam\u00f3wienie?<\/strong><\/h4>\n\n<p>Tak, mo\u017cesz anulowa\u0107 zam\u00f3wienie przed rozpocz\u0119ciem prac. W przypadku anulowania projektu w trakcie jego realizacji, zastrzegamy sobie prawo do zachowania cz\u0119\u015bci wp\u0142aconej zaliczki.<\/p>\n\n<h4 class=\"wp-block-heading\"><strong>Jakie informacje musz\u0119 dostarczy\u0107 do rozpocz\u0119cia projektu?<\/strong><\/h4>\n\n<p>Aby rozpocz\u0105\u0107 prace, potrzebujemy szczeg\u00f3\u0142owego opisu projektu, logotyp\u00f3w, tekst\u00f3w, zdj\u0119\u0107 oraz wszelkich innych materia\u0142\u00f3w, kt\u00f3re maj\u0105 by\u0107 uwzgl\u0119dnione w projekcie. Je\u015bli nie masz wszystkich element\u00f3w, pomo\u017cemy je stworzy\u0107.<\/p>\n\n<h4 class=\"wp-block-heading\"><strong>Czy oferujecie poprawki do projektu po jego uko\u0144czeniu?<\/strong><\/h4>\n\n<p>Tak, oferujemy bezp\u0142atne poprawki w ramach ustale\u0144 projektowych. Je\u015bli zmiany wykraczaj\u0105 poza pierwotne ustalenia, zostanie naliczona dodatkowa op\u0142ata.<\/p>\n\n<h4 class=\"wp-block-heading\"><strong>Czy mog\u0119 liczy\u0107 na doradztwo w kwestii druku?<\/strong><\/h4>\n\n<p class=\"has-small-font-size\" style=\"margin-top:12px\">Tak, mo\u017cemy doradzi\u0107 w wyborze odpowiednich materia\u0142\u00f3w, formatu oraz specyfikacji technicznych dla drukarni. Na \u017cyczenie klienta mo\u017cemy tak\u017ce zorganizowa\u0107 druk we wsp\u00f3\u0142pracy z zaufan\u0105 drukarni\u0105.<\/p>\n\n<h4 class=\"wp-block-heading\">Jakie formaty plik\u00f3w dostarczacie po zako\u0144czeniu projektu?<\/h4>\n\n<p>Gotowe projekty dostarczamy w formatach PDF, JPG, PNG, a na \u017cyczenie klienta tak\u017ce w formacie edytowalnym (np. Adobe InDesign, Photoshop). Mo\u017cemy r\u00f3wnie\u017c dostosowa\u0107 pliki do specyfikacji drukarni.<\/p>\n\n<h4 class=\"wp-block-heading\">Jakie informacje musz\u0119 dostarczy\u0107 do przygotowania plik\u00f3w do druku?<\/h4>\n\n<p>Potrzebujemy szczeg\u00f3\u0142owych informacji o wymogach drukarni, takich jak wymiary, spady, rodzaj papieru oraz inne specyfikacje techniczne. Je\u015bli drukarnia ma swoje wytyczne, prosimy o ich przes\u0142anie.<\/p>\n\n<h4 class=\"wp-block-heading\">Czy mo\u017cecie pom\u00f3c w wyborze drukarni?<\/h4>\n\n<p>Tak, je\u015bli nie masz jeszcze drukarni, mo\u017cemy doradzi\u0107 w wyborze odpowiedniego miejsca na podstawie Twoich potrzeb. Dysponujemy list\u0105 sprawdzonych drukarni w USA, kt\u00f3re gwarantuj\u0105 wysok\u0105 jako\u015b\u0107 druku.<\/p>\n\n<h4 class=\"wp-block-heading\">Czy dostarczacie pliki bezpo\u015brednio do drukarni?<\/h4>\n\n<p>Tak, na \u017cyczenie klienta mo\u017cemy przes\u0142a\u0107 pliki bezpo\u015brednio do wskazanej drukarni, aby zaoszcz\u0119dzi\u0107 czas i u\u0142atwi\u0107 ca\u0142y proces.<\/p>\n\n<h4 class=\"wp-block-heading\">Czy pliki przygotowane do druku s\u0105 zgodne z wytycznymi drukarni?<\/h4>\n\n<p>Tak, wszystkie pliki przygotowujemy zgodnie z dostarczonymi wytycznymi. Przed przes\u0142aniem plik\u00f3w do drukarni zawsze sprawdzamy ich zgodno\u015b\u0107 z wymaganiami technicznymi.<\/p>\n\n<h4 class=\"wp-block-heading\">Czy oferujecie poprawki w plikach do druku po ich wys\u0142aniu do drukarni?<\/h4>\n\n<p>Je\u015bli drukarnia zg\u0142osi uwagi dotycz\u0105ce plik\u00f3w, wprowadzimy niezb\u0119dne poprawki bez dodatkowych op\u0142at, pod warunkiem, \u017ce s\u0105 zgodne z pierwotnymi wytycznymi.<\/p>\n\n<h4 class=\"wp-block-heading\">Jakie dodatkowe us\u0142ugi oferujecie w zakresie druku?<\/h4>\n\n<p>Opr\u00f3cz przygotowania plik\u00f3w mo\u017cemy doradzi\u0107 w zakresie wyboru papieru, wyko\u0144czenia (np. lakier UV, t\u0142oczenie) oraz innych aspekt\u00f3w wp\u0142ywaj\u0105cych na ko\u0144cowy wygl\u0105d materia\u0142\u00f3w drukowanych.<\/p><\/div><\/div>","protected":false},"excerpt":{"rendered":"<p>Innowacyjne Projekty Graficzne dla Firm Znajd\u017a odpowiedzi na najcz\u0119stsze pytania, aby szybko uzyska\u0107 potrzebne informacje. Jak mog\u0119 z\u0142o\u017cy\u0107 zam\u00f3wienie na us\u0142ugi graficzne? Mo\u017cesz z\u0142o\u017cy\u0107 zam\u00f3wienie, kontaktuj\u0105c si\u0119 z nami przez formularz na stronie lub wysy\u0142aj\u0105c e-mail na nasz adres. Wystarczy opisa\u0107 swoje potrzeby, a nasz zesp\u00f3\u0142 skontaktuje si\u0119 z Tob\u0105, aby ustali\u0107 szczeg\u00f3\u0142y i przygotowa\u0107 [&hellip;]<\/p>\n","protected":false},"author":1,"featured_media":0,"parent":0,"menu_order":0,"comment_status":"closed","ping_status":"closed","template":"no-title","meta":{"footnotes":""},"class_list":["post-21","page","type-page","status-publish","hentry"],"aioseo_notices":[],"_links":{"self":[{"href":"https:\/\/bigskydeals.com\/pl\/wp-json\/wp\/v2\/pages\/21","targetHints":{"allow":["GET"]}}],"collection":[{"href":"https:\/\/bigskydeals.com\/pl\/wp-json\/wp\/v2\/pages"}],"about":[{"href":"https:\/\/bigskydeals.com\/pl\/wp-json\/wp\/v2\/types\/page"}],"author":[{"embeddable":true,"href":"https:\/\/bigskydeals.com\/pl\/wp-json\/wp\/v2\/users\/1"}],"replies":[{"embeddable":true,"href":"https:\/\/bigskydeals.com\/pl\/wp-json\/wp\/v2\/comments?post=21"}],"version-history":[{"count":3,"href":"https:\/\/bigskydeals.com\/pl\/wp-json\/wp\/v2\/pages\/21\/revisions"}],"predecessor-version":[{"id":235,"href":"https:\/\/bigskydeals.com\/pl\/wp-json\/wp\/v2\/pages\/21\/revisions\/235"}],"wp:attachment":[{"href":"https:\/\/bigskydeals.com\/pl\/wp-json\/wp\/v2\/media?parent=21"}],"curies":[{"name":"wp","href":"https:\/\/api.w.org\/{rel}","templated":true}]}}