{"id":19,"date":"2025-01-02T20:40:57","date_gmt":"2025-01-02T20:40:57","guid":{"rendered":"https:\/\/bigskydeals.com\/pl\/referencje\/"},"modified":"2025-01-02T20:40:57","modified_gmt":"2025-01-02T20:40:57","slug":"referencje","status":"publish","type":"page","link":"https:\/\/bigskydeals.com\/pl\/referencje\/","title":{"rendered":"Referencje"},"content":{"rendered":"<div class=\"wp-block-group alignfull has-background-background-color has-background has-global-padding is-layout-constrained wp-block-group-is-layout-constrained\" style=\"margin-top:0;margin-bottom:0;padding-top:0;padding-bottom:0\"><div class=\"wp-block-cover alignfull extendify-image-import\" style=\"padding-top:0;padding-right:0;padding-bottom:0;padding-left:0;min-height:50px;aspect-ratio:unset;\"><span aria-hidden=\"true\" class=\"wp-block-cover__background has-black-background-color has-background-dim-60 has-background-dim\"><\/span><img decoding=\"async\" class=\"wp-block-cover__image-background\" alt=\"\" src=\"https:\/\/images.unsplash.com\/photo-1609921212029-bb5a28e60960?ixid=M3w0MzUxNjF8MHwxfHNlYXJjaHwxfHxncmFwaGljJTIwZGVzaWdufGVufDB8fHx8MTczMzc5NjAxMnww&amp;ixlib=rb-4.0.3?fit=crop&amp;crop=entropy%2Cfaces&amp;auto=format%2Ccompress&amp;w=1280\" data-object-fit=\"cover\"\/><div class=\"wp-block-cover__inner-container is-layout-flow wp-block-cover-is-layout-flow\"><div class=\"wp-block-group has-global-padding is-layout-constrained wp-container-core-group-is-layout-dc79e9a9 wp-block-group-is-layout-constrained\" style=\"padding-top:var(--wp--preset--spacing--60);padding-right:var(--wp--preset--spacing--30);padding-bottom:var(--wp--preset--spacing--60);padding-left:var(--wp--preset--spacing--30)\"><h1 class=\"wp-block-heading has-text-align-center has-text-color has-x-large-font-size\" style=\"color:#fffffffc\">Opinie klient\u00f3w pe\u0142ne uznania<\/h1><\/div><\/div><\/div><\/div><div class=\"wp-block-group alignfull has-tertiary-background-color has-background has-global-padding is-layout-constrained wp-container-core-group-is-layout-7276a2bb wp-block-group-is-layout-constrained\" id=\"o-nas\" style=\"margin-top:0;margin-bottom:0;padding-top:var(--wp--preset--spacing--60);padding-right:var(--wp--preset--spacing--30);padding-bottom:var(--wp--preset--spacing--60);padding-left:var(--wp--preset--spacing--30)\"><h2 class=\"wp-block-heading has-text-align-center has-large-font-size\">Odkryj Unikalne Produkty Made in USA<\/h2>\n\n<p class=\"has-text-align-center\" style=\"margin-top:16px\">Ta sekcja oferuje dok\u0142adny przegl\u0105d misji, warto\u015bci i historii BigSkyDeals.com. Wyr\u00f3\u017cnia kluczowe zasady, kt\u00f3re nap\u0119dzaj\u0105 cele i d\u0142ugoterminowy sukces marki.<\/p><\/div>","protected":false},"excerpt":{"rendered":"<p>Odkryj Unikalne Produkty Made in USA Ta sekcja oferuje dok\u0142adny przegl\u0105d misji, warto\u015bci i historii BigSkyDeals.com. Wyr\u00f3\u017cnia kluczowe zasady, kt\u00f3re nap\u0119dzaj\u0105 cele i d\u0142ugoterminowy sukces marki.<\/p>\n","protected":false},"author":1,"featured_media":0,"parent":0,"menu_order":0,"comment_status":"closed","ping_status":"closed","template":"no-title","meta":{"footnotes":""},"class_list":["post-19","page","type-page","status-publish","hentry"],"aioseo_notices":[],"_links":{"self":[{"href":"https:\/\/bigskydeals.com\/pl\/wp-json\/wp\/v2\/pages\/19","targetHints":{"allow":["GET"]}}],"collection":[{"href":"https:\/\/bigskydeals.com\/pl\/wp-json\/wp\/v2\/pages"}],"about":[{"href":"https:\/\/bigskydeals.com\/pl\/wp-json\/wp\/v2\/types\/page"}],"author":[{"embeddable":true,"href":"https:\/\/bigskydeals.com\/pl\/wp-json\/wp\/v2\/users\/1"}],"replies":[{"embeddable":true,"href":"https:\/\/bigskydeals.com\/pl\/wp-json\/wp\/v2\/comments?post=19"}],"version-history":[{"count":0,"href":"https:\/\/bigskydeals.com\/pl\/wp-json\/wp\/v2\/pages\/19\/revisions"}],"wp:attachment":[{"href":"https:\/\/bigskydeals.com\/pl\/wp-json\/wp\/v2\/media?parent=19"}],"curies":[{"name":"wp","href":"https:\/\/api.w.org\/{rel}","templated":true}]}}