{"id":174,"date":"2025-01-07T04:27:05","date_gmt":"2025-01-07T11:27:05","guid":{"rendered":"https:\/\/bigskydeals.com\/pl\/?page_id=174"},"modified":"2025-01-12T12:39:18","modified_gmt":"2025-01-12T19:39:18","slug":"nasi-producenci","status":"publish","type":"page","link":"https:\/\/bigskydeals.com\/pl\/nasi-producenci\/","title":{"rendered":"Nasi Producenci"},"content":{"rendered":"<div class=\"wp-block-group alignfull has-background-background-color has-background has-global-padding is-layout-constrained wp-container-core-group-is-layout-7276a2bb wp-block-group-is-layout-constrained\" style=\"margin-top:0;margin-bottom:0;padding-top:var(--wp--preset--spacing--60);padding-right:var(--wp--preset--spacing--30);padding-bottom:var(--wp--preset--spacing--60);padding-left:var(--wp--preset--spacing--30)\"><div class=\"wp-block-group alignwide has-global-padding is-content-justification-left is-layout-constrained wp-container-core-group-is-layout-8b4c372c wp-block-group-is-layout-constrained\"><h2 class=\"wp-block-heading has-text-align-left has-large-font-size\">Nasi Producenci i Dostawcy<\/h2>\n\n<p>Wsp\u00f3\u0142pracujemy z producentami i dostawcami, kt\u00f3rzy s\u0105 dumni z tworzenia wysokiej jako\u015bci produkt\u00f3w w Stanach Zjednoczonych. Ka\u017cdy z naszych partner\u00f3w odzwierciedla warto\u015bci, kt\u00f3re s\u0105 nam bliskie: doskona\u0142o\u015b\u0107, odpowiedzialno\u015b\u0107 i zaanga\u017cowanie w rozw\u00f3j lokalnej gospodarki.<\/p>\n\n<p>Nasze produkty pochodz\u0105 od sprawdzonych firm, kt\u00f3re k\u0142ad\u0105 nacisk na innowacyjno\u015b\u0107, ekologiczne podej\u015bcie oraz rzemie\u015blnicz\u0105 precyzj\u0119. Wspieramy zar\u00f3wno wi\u0119ksze przedsi\u0119biorstwa, jak i lokalnych rzemie\u015blnik\u00f3w, dostarczaj\u0105c produkty, kt\u00f3re \u0142\u0105cz\u0105 tradycj\u0119 z nowoczesno\u015bci\u0105.<\/p>\n\n<p>Dzi\u0119ki wsp\u00f3\u0142pracy z producentami \u201eMade in USA\u201d zapewniamy naszym klientom najwy\u017csz\u0105 jako\u015b\u0107 oraz pewno\u015b\u0107, \u017ce ka\u017cdy zakup wspiera ameryka\u0144skich przedsi\u0119biorc\u00f3w i lokalne spo\u0142eczno\u015bci. Razem tworzymy lepsz\u0105 przysz\u0142o\u015b\u0107, opart\u0105 na etyce, uczciwo\u015bci i gospodarczym patriotyzmie.<\/p>\n\n<p class=\"has-text-align-left\" style=\"margin-top:16px\"><\/p><\/div>\n\n<div class=\"wp-block-columns alignwide is-layout-flex wp-container-core-columns-is-layout-28f84493 wp-block-columns-is-layout-flex\"><div class=\"wp-block-column is-layout-flow wp-block-column-is-layout-flow\"><div class=\"wp-block-media-text is-stacked-on-mobile is-image-fill-element extendify-image-import has-tertiary-background-color has-background\"><figure class=\"wp-block-media-text__media\"><img decoding=\"async\" src=\"https:\/\/images.unsplash.com\/photo-1692607334850-4a3ede6ec657?fit=crop&amp;crop=entropy%2Cfaces&amp;auto=format%2Ccompress\" alt=\"\" style=\"object-position:50% 50%\"\/><\/figure><div class=\"wp-block-media-text__content\"><div class=\"wp-block-group has-global-padding is-layout-constrained wp-block-group-is-layout-constrained\" style=\"padding-top:var(--wp--preset--spacing--40);padding-bottom:var(--wp--preset--spacing--40)\"><h3 class=\"wp-block-heading\" style=\"font-size:clamp(1.119rem, 1.119rem + ((1vw - 0.2rem) * 1.052), 1.75rem);line-height:1.5\">Lokalizacja pierwsza<\/h3>\n\n<p class=\"has-small-font-size\" style=\"margin-top:12px\">To miejsce oferuje kompleksowe us\u0142ugi dostosowane do Twoich potrzeb.<\/p><\/div><\/div><\/div>\n\n<div class=\"wp-block-media-text is-stacked-on-mobile is-image-fill-element extendify-image-import has-tertiary-background-color has-background\"><figure class=\"wp-block-media-text__media\"><img decoding=\"async\" src=\"https:\/\/images.unsplash.com\/photo-1653243656263-7159a2ae43d4?fit=crop&amp;crop=entropy%2Cfaces&amp;auto=format%2Ccompress\" alt=\"\" style=\"object-position:50% 50%\"\/><\/figure><div class=\"wp-block-media-text__content\"><div class=\"wp-block-group has-global-padding is-layout-constrained wp-block-group-is-layout-constrained\" style=\"padding-top:var(--wp--preset--spacing--40);padding-bottom:var(--wp--preset--spacing--40)\"><h3 class=\"wp-block-heading\" style=\"font-size:clamp(1.119rem, 1.119rem + ((1vw - 0.2rem) * 1.052), 1.75rem);line-height:1.5\">Lokalizacja Cztery<\/h3>\n\n<p class=\"has-small-font-size\" style=\"margin-top:12px\">To miejsce jest dedykowane zapewnianiu wyj\u0105tkowego wsparcia i ekspertyzy.<\/p><\/div><\/div><\/div><\/div>\n\n<div class=\"wp-block-column is-layout-flow wp-block-column-is-layout-flow\"><div class=\"wp-block-media-text is-stacked-on-mobile is-image-fill-element extendify-image-import has-tertiary-background-color has-background\"><figure class=\"wp-block-media-text__media\"><img decoding=\"async\" src=\"https:\/\/images.unsplash.com\/photo-1633175354158-b252df554c39?fit=crop&amp;crop=entropy%2Cfaces&amp;auto=format%2Ccompress\" alt=\"\" style=\"object-position:50% 50%\"\/><\/figure><div class=\"wp-block-media-text__content\"><div class=\"wp-block-group has-global-padding is-layout-constrained wp-block-group-is-layout-constrained\" style=\"padding-top:var(--wp--preset--spacing--40);padding-bottom:var(--wp--preset--spacing--40)\"><h3 class=\"wp-block-heading\" style=\"font-size:clamp(1.119rem, 1.119rem + ((1vw - 0.2rem) * 1.052), 1.75rem);line-height:1.5\">Lokalizacja trzy<\/h3>\n\n<p class=\"has-small-font-size\" style=\"margin-top:12px\">Odkryj dost\u0119pne us\u0142ugi w tym miejscu, aby sprosta\u0107 Twoim wymaganiom.<\/p><\/div><\/div><\/div>\n\n<div class=\"wp-block-media-text is-stacked-on-mobile is-image-fill-element extendify-image-import has-tertiary-background-color has-background\"><figure class=\"wp-block-media-text__media\"><img decoding=\"async\" src=\"https:\/\/images.unsplash.com\/photo-1645511897949-3d687943386b?fit=crop&amp;crop=entropy%2Cfaces&amp;auto=format%2Ccompress\" alt=\"\" style=\"object-position:50% 50%\"\/><\/figure><div class=\"wp-block-media-text__content\"><div class=\"wp-block-group has-global-padding is-layout-constrained wp-block-group-is-layout-constrained\" style=\"padding-top:var(--wp--preset--spacing--40);padding-bottom:var(--wp--preset--spacing--40)\"><h3 class=\"wp-block-heading\" style=\"font-size:clamp(1.119rem, 1.119rem + ((1vw - 0.2rem) * 1.052), 1.75rem);line-height:1.5\">Lokalizacja Dwa<\/h3>\n\n<p class=\"has-small-font-size\" style=\"margin-top:12px\">To miejsce specjalizuje si\u0119 w dostarczaniu wysokiej jako\u015bci rozwi\u0105za\u0144 dla klient\u00f3w.<\/p><\/div><\/div><\/div><\/div><\/div><\/div>","protected":false},"excerpt":{"rendered":"<p>Nasi Producenci i Dostawcy Wsp\u00f3\u0142pracujemy z producentami i dostawcami, kt\u00f3rzy s\u0105 dumni z tworzenia wysokiej jako\u015bci produkt\u00f3w w Stanach Zjednoczonych. Ka\u017cdy z naszych partner\u00f3w odzwierciedla warto\u015bci, kt\u00f3re s\u0105 nam bliskie: doskona\u0142o\u015b\u0107, odpowiedzialno\u015b\u0107 i zaanga\u017cowanie w rozw\u00f3j lokalnej gospodarki. Nasze produkty pochodz\u0105 od sprawdzonych firm, kt\u00f3re k\u0142ad\u0105 nacisk na innowacyjno\u015b\u0107, ekologiczne podej\u015bcie oraz rzemie\u015blnicz\u0105 precyzj\u0119. Wspieramy [&hellip;]<\/p>\n","protected":false},"author":1,"featured_media":0,"parent":0,"menu_order":0,"comment_status":"closed","ping_status":"closed","template":"","meta":{"footnotes":""},"class_list":["post-174","page","type-page","status-publish","hentry"],"aioseo_notices":[],"_links":{"self":[{"href":"https:\/\/bigskydeals.com\/pl\/wp-json\/wp\/v2\/pages\/174","targetHints":{"allow":["GET"]}}],"collection":[{"href":"https:\/\/bigskydeals.com\/pl\/wp-json\/wp\/v2\/pages"}],"about":[{"href":"https:\/\/bigskydeals.com\/pl\/wp-json\/wp\/v2\/types\/page"}],"author":[{"embeddable":true,"href":"https:\/\/bigskydeals.com\/pl\/wp-json\/wp\/v2\/users\/1"}],"replies":[{"embeddable":true,"href":"https:\/\/bigskydeals.com\/pl\/wp-json\/wp\/v2\/comments?post=174"}],"version-history":[{"count":2,"href":"https:\/\/bigskydeals.com\/pl\/wp-json\/wp\/v2\/pages\/174\/revisions"}],"predecessor-version":[{"id":320,"href":"https:\/\/bigskydeals.com\/pl\/wp-json\/wp\/v2\/pages\/174\/revisions\/320"}],"wp:attachment":[{"href":"https:\/\/bigskydeals.com\/pl\/wp-json\/wp\/v2\/media?parent=174"}],"curies":[{"name":"wp","href":"https:\/\/api.w.org\/{rel}","templated":true}]}}