{"id":149,"date":"2025-01-03T05:45:57","date_gmt":"2025-01-03T12:45:57","guid":{"rendered":"https:\/\/bigskydeals.com\/pl\/?page_id=149"},"modified":"2025-01-10T12:25:44","modified_gmt":"2025-01-10T19:25:44","slug":"bsdllc","status":"publish","type":"page","link":"https:\/\/bigskydeals.com\/pl\/bsdllc\/","title":{"rendered":"BigSkyDeals LLC"},"content":{"rendered":"<div class=\"wp-block-group alignfull has-global-padding is-content-justification-center is-layout-constrained wp-container-core-group-is-layout-df757ecc wp-block-group-is-layout-constrained\" style=\"margin-top:0;margin-bottom:0;padding-top:calc( 0.5 * var(--wp--style--root--padding-right, var(--wp--custom--gap--horizontal)));padding-right:var(--wp--style--root--padding-right, var(--wp--custom--gap--horizontal));padding-bottom:calc( 0.5 * var(--wp--style--root--padding-right, var(--wp--custom--gap--horizontal)));padding-left:var(--wp--style--root--padding-left, var(--wp--custom--gap--horizontal))\"><div style=\"height:calc( 0.25 * var(--wp--style--root--padding-right, var(--wp--custom--gap--horizontal)))\" aria-hidden=\"true\" class=\"wp-block-spacer\"><\/div>\n\n<div class=\"wp-block-cover alignfull is-light has-custom-content-position is-position-bottom-center\" style=\"margin-top:0;margin-bottom:0;padding-top:3%;padding-right:0%;padding-bottom:10%;padding-left:5%;min-height:423px;aspect-ratio:unset;\"><span aria-hidden=\"true\" class=\"wp-block-cover__background has-background-dim-0 has-background-dim\" style=\"background-color:#798ea2\"><\/span><img loading=\"lazy\" decoding=\"async\" width=\"2400\" height=\"1276\" class=\"wp-block-cover__image-background wp-image-156\" alt=\"\" src=\"https:\/\/bigskydeals.com\/pl\/wp-content\/uploads\/2025\/01\/foto1.jpg\" style=\"object-position:48% 62%\" data-object-fit=\"cover\" data-object-position=\"48% 62%\" srcset=\"https:\/\/bigskydeals.com\/pl\/wp-content\/uploads\/2025\/01\/foto1.jpg 2400w, https:\/\/bigskydeals.com\/pl\/wp-content\/uploads\/2025\/01\/foto1-300x160.jpg 300w, https:\/\/bigskydeals.com\/pl\/wp-content\/uploads\/2025\/01\/foto1-1024x544.jpg 1024w, https:\/\/bigskydeals.com\/pl\/wp-content\/uploads\/2025\/01\/foto1-768x408.jpg 768w, https:\/\/bigskydeals.com\/pl\/wp-content\/uploads\/2025\/01\/foto1-1536x817.jpg 1536w, https:\/\/bigskydeals.com\/pl\/wp-content\/uploads\/2025\/01\/foto1-2048x1089.jpg 2048w, https:\/\/bigskydeals.com\/pl\/wp-content\/uploads\/2025\/01\/foto1-600x319.jpg 600w\" sizes=\"auto, (max-width: 2400px) 100vw, 2400px\" \/><div class=\"wp-block-cover__inner-container is-layout-flow wp-container-core-cover-is-layout-afcb1702 wp-block-cover-is-layout-flow\"><h1 class=\"wp-block-heading has-background-color has-text-color has-link-color wp-elements-a2649eb53a5a2b89ab0723627547e6d6\">BigSkyDeals LLC<\/h1>\n\n<p class=\"has-background-color has-text-color has-link-color wp-elements-a911c1e84d24e6faf78292314ec0274f\"><\/p><\/div><\/div>\n\n<div style=\"height:calc( 0.25 * var(--wp--style--root--padding-right, var(--wp--custom--gap--horizontal)))\" aria-hidden=\"true\" class=\"wp-block-spacer\"><\/div><\/div><div class=\"wp-block-group alignfull has-background-background-color has-background has-global-padding is-layout-constrained wp-container-core-group-is-layout-7276a2bb wp-block-group-is-layout-constrained\" style=\"margin-top:0;margin-bottom:0;padding-top:var(--wp--preset--spacing--60);padding-right:var(--wp--preset--spacing--30);padding-bottom:var(--wp--preset--spacing--60);padding-left:var(--wp--preset--spacing--30)\"><div class=\"wp-block-columns alignwide are-vertically-aligned-center is-layout-flex wp-container-core-columns-is-layout-47c06fe3 wp-block-columns-is-layout-flex\"><div class=\"wp-block-column is-vertically-aligned-center is-layout-flow wp-block-column-is-layout-flow\" style=\"flex-basis:33.3%\"><h2 class=\"wp-block-heading has-text-align-left has-large-font-size\">Kim jeste\u015bmy?<\/h2>\n\n<p style=\"margin-top:16px\">Ta sekcja podkre\u015bla misj\u0119 i warto\u015bci Twojej firmy, oferuj\u0105c zwi\u0119z\u0142y przegl\u0105d jej cel\u00f3w i celu. Zapewnia wgl\u0105d w wizj\u0119, kt\u00f3ra kieruje decyzjami biznesowymi i kierunkiem Twojej dzia\u0142alno\u015bci.<\/p>\n\n<p>Promujemy patriotyzm gospodarczy, oferuj\u0105c produkty &#8220;Made in USA&#8221; \u2014 od ekologicznych wyrob\u00f3w, przez r\u0119kodzie\u0142o lokalnych rzemie\u015blnik\u00f3w, a\u017c po przedmioty o warto\u015bci patriotycznej. Wspieramy lokalnych dostawc\u00f3w, oferuj\u0105c produkty w przyst\u0119pnych cenach, bez kompromis\u00f3w w kwestii jako\u015bci.<\/p><\/div>\n\n<div class=\"wp-block-column is-vertically-aligned-center is-layout-flow wp-container-core-column-is-layout-f5bb311e wp-block-column-is-layout-flow\" style=\"flex-basis:50%\"><figure class=\"wp-block-gallery has-nested-images columns-default is-cropped wp-block-gallery-1 is-layout-flex wp-block-gallery-is-layout-flex\"><figure class=\"wp-block-image size-full extendify-image-import\"><img loading=\"lazy\" decoding=\"async\" width=\"304\" height=\"405\" data-id=\"277\" src=\"https:\/\/bigskydeals.com\/pl\/wp-content\/uploads\/2025\/01\/made_in_usa_2.png\" alt=\"\" class=\"wp-image-277\" style=\"aspect-ratio:3\/4;object-fit:cover\" srcset=\"https:\/\/bigskydeals.com\/pl\/wp-content\/uploads\/2025\/01\/made_in_usa_2.png 304w, https:\/\/bigskydeals.com\/pl\/wp-content\/uploads\/2025\/01\/made_in_usa_2-225x300.png 225w\" sizes=\"auto, (max-width: 304px) 100vw, 304px\" \/><\/figure>\n\n<figure class=\"wp-block-image size-full extendify-image-import\"><img loading=\"lazy\" decoding=\"async\" width=\"304\" height=\"405\" data-id=\"276\" src=\"https:\/\/bigskydeals.com\/pl\/wp-content\/uploads\/2025\/01\/made_in_usa_1.png\" alt=\"\" class=\"wp-image-276\" style=\"aspect-ratio:3\/4;object-fit:cover\" srcset=\"https:\/\/bigskydeals.com\/pl\/wp-content\/uploads\/2025\/01\/made_in_usa_1.png 304w, https:\/\/bigskydeals.com\/pl\/wp-content\/uploads\/2025\/01\/made_in_usa_1-225x300.png 225w\" sizes=\"auto, (max-width: 304px) 100vw, 304px\" \/><\/figure><\/figure><\/div><\/div><\/div><div class=\"wp-block-group alignfull has-global-padding is-content-justification-center is-layout-constrained wp-container-core-group-is-layout-df757ecc wp-block-group-is-layout-constrained\" style=\"margin-top:0;margin-bottom:0;padding-top:calc( 0.5 * var(--wp--style--root--padding-right, var(--wp--custom--gap--horizontal)));padding-right:var(--wp--style--root--padding-right, var(--wp--custom--gap--horizontal));padding-bottom:calc( 0.5 * var(--wp--style--root--padding-right, var(--wp--custom--gap--horizontal)));padding-left:var(--wp--style--root--padding-left, var(--wp--custom--gap--horizontal))\"><div style=\"height:calc( 0.25 * var(--wp--style--root--padding-right, var(--wp--custom--gap--horizontal)))\" aria-hidden=\"true\" class=\"wp-block-spacer\"><\/div>\n\n<div class=\"wp-block-columns alignwide are-vertically-aligned-center is-layout-flex wp-container-core-columns-is-layout-7fc3d43a wp-block-columns-is-layout-flex\"><div class=\"wp-block-column is-vertically-aligned-center is-layout-flow wp-block-column-is-layout-flow\"><figure class=\"wp-block-image size-full\"><img loading=\"lazy\" decoding=\"async\" width=\"2000\" height=\"2000\" src=\"https:\/\/bigskydeals.com\/pl\/wp-content\/uploads\/2025\/01\/8234-2.jpg\" alt=\"\" class=\"wp-image-280\" style=\"aspect-ratio:1;object-fit:cover\" srcset=\"https:\/\/bigskydeals.com\/pl\/wp-content\/uploads\/2025\/01\/8234-2.jpg 2000w, https:\/\/bigskydeals.com\/pl\/wp-content\/uploads\/2025\/01\/8234-2-300x300.jpg 300w, https:\/\/bigskydeals.com\/pl\/wp-content\/uploads\/2025\/01\/8234-2-1024x1024.jpg 1024w, https:\/\/bigskydeals.com\/pl\/wp-content\/uploads\/2025\/01\/8234-2-150x150.jpg 150w, https:\/\/bigskydeals.com\/pl\/wp-content\/uploads\/2025\/01\/8234-2-768x768.jpg 768w, https:\/\/bigskydeals.com\/pl\/wp-content\/uploads\/2025\/01\/8234-2-1536x1536.jpg 1536w, https:\/\/bigskydeals.com\/pl\/wp-content\/uploads\/2025\/01\/8234-2-600x600.jpg 600w, https:\/\/bigskydeals.com\/pl\/wp-content\/uploads\/2025\/01\/8234-2-100x100.jpg 100w\" sizes=\"auto, (max-width: 2000px) 100vw, 2000px\" \/><\/figure><\/div>\n\n<div class=\"wp-block-column is-vertically-aligned-center is-layout-flow wp-block-column-is-layout-flow\"><h2 class=\"wp-block-heading alignwide\">Nasza misja<\/h2>\n\n<p>Jako firma, kt\u00f3ra rozumie znaczenie patriotyzmu. Stawiamy na wspieranie lokalnych przedsi\u0119biorstw. Naszym celem jest nie tylko dostarczanie wysokiej jako\u015bci produkt\u00f3w, ale tak\u017ce dbanie o to, by nasza dzia\u0142alno\u015b\u0107 przyczynia\u0142a si\u0119 do rozwoju gospodarki USA poprzez p\u0142acenie podatk\u00f3w lokalnych i wspieranie ameryka\u0144skich producent\u00f3w. Wierzymy, \u017ce odpowiedzialno\u015b\u0107 spo\u0142eczna i gospodarcza to klucz do budowania silnej, stabilnej przysz\u0142o\u015bci.<\/p><\/div><\/div>\n\n<div style=\"height:calc( 0.25 * var(--wp--style--root--padding-right, var(--wp--custom--gap--horizontal)))\" aria-hidden=\"true\" class=\"wp-block-spacer\"><\/div><\/div><div class=\"wp-block-group alignfull has-global-padding is-content-justification-center is-layout-constrained wp-container-core-group-is-layout-df757ecc wp-block-group-is-layout-constrained\" style=\"margin-top:0;margin-bottom:0;padding-top:calc( 0.5 * var(--wp--style--root--padding-right, var(--wp--custom--gap--horizontal)));padding-right:var(--wp--style--root--padding-right, var(--wp--custom--gap--horizontal));padding-bottom:calc( 0.5 * var(--wp--style--root--padding-right, var(--wp--custom--gap--horizontal)));padding-left:var(--wp--style--root--padding-left, var(--wp--custom--gap--horizontal))\"><div style=\"height:calc( 0.25 * var(--wp--style--root--padding-right, var(--wp--custom--gap--horizontal)))\" aria-hidden=\"true\" class=\"wp-block-spacer\"><\/div>\n\n<div class=\"wp-block-group alignwide has-global-padding is-layout-constrained wp-block-group-is-layout-constrained\"><h2 class=\"wp-block-heading alignfull has-text-align-left\" style=\"font-style:normal;font-weight:100\">Nasze warto\u015bci<\/h2><\/div>\n\n<div style=\"height:var(--wp--preset--spacing--20)\" aria-hidden=\"true\" class=\"wp-block-spacer\"><\/div>\n\n<div class=\"wp-block-columns alignwide is-layout-flex wp-container-core-columns-is-layout-549b0c86 wp-block-columns-is-layout-flex\"><div class=\"wp-block-column is-layout-flow wp-block-column-is-layout-flow\"><h4 class=\"wp-block-heading is-service-name has-medium-font-size\">Jako\u015b\u0107<\/h4>\n\n<p class=\"is-service-description\"> Podnosimy jako\u015b\u0107 us\u0142ug i poziom sprzeda\u017cy dzi\u0119ki opiniom naszych klient\u00f3w. Sprzedawane towary i \u015bwiadczone us\u0142ugi s\u0105 obj\u0119te systemem ocen i opinii pisanych przez klient\u00f3w. <\/p>\n\n<p class=\"is-service-description\">Jeste\u015bmy wdzi\u0119czni za ka\u017cd\u0105 ocen\u0119, tak pozytywn\u0105, jak i wyra\u017caj\u0105c\u0105 konstruktywne uwagi, poniewa\u017c pomagaj\u0105 nam one stale si\u0119 rozwija\u0107 i dostosowywa\u0107 do potrzeb klient\u00f3w.<\/p>\n\n<p class=\"is-service-link\"><\/p><\/div>\n\n<div class=\"wp-block-column is-layout-flow wp-block-column-is-layout-flow\"><h4 class=\"wp-block-heading is-service-name has-medium-font-size\">Innowacyjno\u015b\u0107<\/h4>\n\n<p class=\"is-service-description\">Korzystamy z nowoczesnych narz\u0119dzi i rozwi\u0105za\u0144, by dostarcza\u0107 najlepsze us\u0142ugi i produkty. \u0141\u0105czymy tradycj\u0119 z nowoczesno\u015bci\u0105, by oferowa\u0107 unikalne rozwi\u0105zania.<\/p>\n\n<h4 class=\"wp-block-heading is-service-name has-medium-font-size\">Patriotyzm<\/h4>\n\n<p>Wspieramy lokalne inicjatywy i promujemy warto\u015bci, kt\u00f3re nas inspiruj\u0105. Produkty &#8220;Made in USA&#8221; to wyraz naszego zaanga\u017cowania w rozw\u00f3j lokalnej gospodarki.<\/p><\/div>\n\n<div class=\"wp-block-column is-layout-flow wp-block-column-is-layout-flow\"><h4 class=\"wp-block-heading is-service-name has-medium-font-size\">Etyka<\/h4>\n\n<p class=\"is-service-description\">Dzia\u0142amy uczciwie, z poszanowaniem dla klient\u00f3w, dostawc\u00f3w i partner\u00f3w biznesowych. Transparentno\u015b\u0107 i uczciwo\u015b\u0107 s\u0105 fundamentami naszej dzia\u0142alno\u015bci.<\/p>\n\n<h4 class=\"wp-block-heading is-service-name has-medium-font-size\">Uczciwo\u015b\u0107<\/h4>\n\n<p>Budujemy relacje oparte na zaufaniu. Nasze ceny s\u0105 przejrzyste, a jako\u015b\u0107 us\u0142ug zawsze stoi na pierwszym miejscu.<\/p><\/div><\/div>\n\n<div style=\"height:calc( 0.25 * var(--wp--style--root--padding-right, var(--wp--custom--gap--horizontal)))\" aria-hidden=\"true\" class=\"wp-block-spacer\"><\/div><\/div><p><\/p>","protected":false},"excerpt":{"rendered":"<p>Kim jeste\u015bmy? Ta sekcja podkre\u015bla misj\u0119 i warto\u015bci Twojej firmy, oferuj\u0105c zwi\u0119z\u0142y przegl\u0105d jej cel\u00f3w i celu. Zapewnia wgl\u0105d w wizj\u0119, kt\u00f3ra kieruje decyzjami biznesowymi i kierunkiem Twojej dzia\u0142alno\u015bci. Promujemy patriotyzm gospodarczy, oferuj\u0105c produkty &#8220;Made in USA&#8221; \u2014 od ekologicznych wyrob\u00f3w, przez r\u0119kodzie\u0142o lokalnych rzemie\u015blnik\u00f3w, a\u017c po przedmioty o warto\u015bci patriotycznej. Wspieramy lokalnych dostawc\u00f3w, oferuj\u0105c [&hellip;]<\/p>\n","protected":false},"author":1,"featured_media":0,"parent":0,"menu_order":0,"comment_status":"closed","ping_status":"closed","template":"","meta":{"footnotes":""},"class_list":["post-149","page","type-page","status-publish","hentry"],"aioseo_notices":[],"_links":{"self":[{"href":"https:\/\/bigskydeals.com\/pl\/wp-json\/wp\/v2\/pages\/149","targetHints":{"allow":["GET"]}}],"collection":[{"href":"https:\/\/bigskydeals.com\/pl\/wp-json\/wp\/v2\/pages"}],"about":[{"href":"https:\/\/bigskydeals.com\/pl\/wp-json\/wp\/v2\/types\/page"}],"author":[{"embeddable":true,"href":"https:\/\/bigskydeals.com\/pl\/wp-json\/wp\/v2\/users\/1"}],"replies":[{"embeddable":true,"href":"https:\/\/bigskydeals.com\/pl\/wp-json\/wp\/v2\/comments?post=149"}],"version-history":[{"count":7,"href":"https:\/\/bigskydeals.com\/pl\/wp-json\/wp\/v2\/pages\/149\/revisions"}],"predecessor-version":[{"id":308,"href":"https:\/\/bigskydeals.com\/pl\/wp-json\/wp\/v2\/pages\/149\/revisions\/308"}],"wp:attachment":[{"href":"https:\/\/bigskydeals.com\/pl\/wp-json\/wp\/v2\/media?parent=149"}],"curies":[{"name":"wp","href":"https:\/\/api.w.org\/{rel}","templated":true}]}}